{"id":90454,"date":"2025-06-04T11:20:18","date_gmt":"2025-06-04T14:20:18","guid":{"rendered":"https:\/\/afianci.com\/?page_id=90454"},"modified":"2025-06-09T08:00:11","modified_gmt":"2025-06-09T11:00:11","slug":"import-costs-spreadsheet","status":"publish","type":"page","link":"https:\/\/afianci.com\/en\/import-costs-spreadsheet\/","title":{"rendered":"Import Costs Worksheet"},"content":{"rendered":"<div data-elementor-type=\"wp-page\" data-elementor-id=\"90454\" class=\"elementor elementor-90454\" data-elementor-post-type=\"page\">\n\t\t\t\t<div class=\"elementor-element elementor-element-b7987e7 e-con-full e-flex e-con e-parent\" data-id=\"b7987e7\" data-element_type=\"container\">\n\t\t\t\t<div class=\"elementor-element elementor-element-c9e9bed elementor-widget elementor-widget-html\" data-id=\"c9e9bed\" data-element_type=\"widget\" data-widget_type=\"html.default\">\n\t\t\t\t<div class=\"elementor-widget-container\">\n\t\t\t\t\t<!DOCTYPE html>\r\n<html lang=\"pt-br\">\r\n<head>\r\n<meta charset=\"UTF-8\">\r\n<meta name=\"viewport\" content=\"width=device-width, initial-scale=1.0\">\r\n<title>Import Costs Worksheet | Afianci<\/title>\r\n\r\n<!-- Fontes Google -->\r\n<link href=\"https:\/\/fonts.googleapis.com\/css2?family=Sora:wght@300;400;600;700&family=Roboto:wght@300;400;500;700&display=swap\" rel=\"stylesheet\">\r\n\r\n<style>\r\n* { box-sizing: border-box; }\r\n\r\nbody {\r\n    margin: 0;\r\n    font-family: 'Sora', 'Roboto', sans-serif;\r\n    background-color: #ffffff;\r\n    color: #333333;\r\n}\r\n\r\n.container {\r\n    width: 90%;\r\n    max-width: 1200px;\r\n    margin: auto;\r\n    padding: 60px 0;\r\n}\r\n\r\n.hero {\r\n    width: 100%;\r\n    background: linear-gradient(90deg, #00526A, #01A3D3);\r\n    color: white;\r\n    display: flex;\r\n    align-items: center;\r\n    justify-content: center;\r\n    min-height: 80vh;\r\n    padding-top: 200px;\r\n    padding-bottom: 60px;\r\n}\r\n\r\n.hero-content {\r\n    display: flex;\r\n    width: 100%;\r\n    max-width: 1200px;\r\n    align-items: center;\r\n    justify-content: space-between;\r\n    gap: 60px;\r\n    padding: 0 60px;\r\n}\r\n\r\n.hero-text {\r\n    flex: 1;\r\n    min-width: 300px;\r\n}\r\n\r\n.hero h1 {\r\n    font-size: clamp(2em, 5vw, 3.2em);\r\n    line-height: 1.2;\r\n    margin: 0;\r\n}\r\n\r\n.hero h2 {\r\n    font-size: clamp(1.5em, 4vw, 2em);\r\n    line-height: 1.4;\r\n    margin-top: 20px;\r\n}\r\n\r\n.hero p {\r\n    font-size: clamp(1em, 2vw, 1.4em);\r\n    line-height: 1.6;\r\n    margin-top: 20px;\r\n}\r\n\r\n.hero-image {\r\n    flex: 1;\r\n    min-width: 300px;\r\n    text-align: center;\r\n}\r\n\r\n.hero-image img {\r\n    max-width: 100%;\r\n    height: auto;\r\n}\r\n\r\n.btn-contato {\r\n    background: linear-gradient(90deg, #00526A, #01A3D3);\r\n    color: white;\r\n    border: none;\r\n    padding: 15px 30px;\r\n    border-radius: 5px;\r\n    cursor: pointer;\r\n    font-family: 'Sora', sans-serif;\r\n    font-weight: bold;\r\n    font-size: 1em;\r\n    margin-top: 30px;\r\n    transition: background-color 0.3s, opacity 0.3s;\r\n}\r\n\r\n.btn-contato:hover {\r\n    opacity: 0.9;\r\n}\r\n\r\nsection {\r\n    margin-top: 60px;\r\n}\r\n\r\n.card {\r\n    background: #fff;\r\n    padding: 25px;\r\n    border-radius: 15px;\r\n    box-shadow: 0 4px 10px rgba(0,0,0,0.05);\r\n    margin-bottom: 20px;\r\n}\r\n\r\nh2 {\r\n    color: #01A3D3;\r\n    font-family: 'Sora', 'Roboto', sans-serif;\r\n    font-size: clamp(1.7em, 3vw, 2.2em);\r\n    margin-bottom: 20px;\r\n}\r\n\r\n.card p {\r\n    font-size: 1.1em;\r\n    line-height: 1.6;\r\n}\r\n\r\nbutton {\r\n    background: linear-gradient(90deg, #00526A, #01A3D3);\r\n    color: white;\r\n    border: none;\r\n    padding: 15px 25px;\r\n    border-radius: 5px;\r\n    cursor: pointer;\r\n    width: fit-content;\r\n    font-weight: bold;\r\n    font-family: 'Sora', sans-serif;\r\n}\r\n\r\nbutton:hover {\r\n    opacity: 0.9;\r\n}\r\n\r\n\/* Responsivo *\/\r\n@media (max-width: 1024px) {\r\n    .hero {\r\n        padding-top: 250px;\r\n    }\r\n    .hero-content {\r\n        padding-left: 40px;\r\n        padding-right: 40px;\r\n        gap: 40px;\r\n    }\r\n}\r\n\r\n@media (max-width: 768px) {\r\n    .hero {\r\n        flex-direction: column;\r\n        text-align: center;\r\n        padding-top: 250px;\r\n        min-height: auto;\r\n        gap: 30px;\r\n        padding-left: 20px;\r\n        padding-right: 20px;\r\n    }\r\n\r\n    .hero-content {\r\n        flex-direction: column;\r\n        gap: 30px;\r\n        padding-bottom: 50px;\r\n    }\r\n\r\n    .hero-text {\r\n        order: 2;\r\n    }\r\n\r\n    .hero-image {\r\n        order: 1;\r\n    }\r\n\r\n    .container {\r\n        padding: 40px 20px;\r\n    }\r\n}\r\n\r\n@media (max-width: 480px) {\r\n    .hero-content {\r\n        gap: 20px;\r\n    }\r\n    .hero p {\r\n        margin-top: 15px;\r\n        padding-bottom: 50px;\r\n    }\r\n    .card p {\r\n        font-size: 1em;\r\n    }\r\n}\r\n<\/style>\r\n<\/head>\r\n\r\n<body data-rsssl=1>\r\n\r\n<div class=\"hero\">\r\n    <div class=\"hero-content\">\r\n        <div class=\"hero-text\">\r\n            <h1>Free Worksheet: Estimated Import Costs<\/h1>\r\n            <h2>Calculate your costs accurately before importing<\/h2>\r\n            <p>With our exclusive spreadsheet, you can simulate values such as freight, insurance, taxes, fees and profit margin. Ideal for companies that want more security and predictability in their imports.<\/p>\r\n            <a href=\"#baixar\">\r\n                <button class=\"btn-contato\">Download Spreadsheet Now<\/button>\r\n            <\/a>\r\n        <\/div>\r\n        <div class=\"hero-image\">\r\n            <img decoding=\"async\" data-src=\"https:\/\/afianci.com\/wp-content\/uploads\/2025\/06\/planilha-custos-de-importacao-e1749047472616.png\" alt=\"Image Import Costs Worksheet\" src=\"data:image\/svg+xml;base64,PHN2ZyB3aWR0aD0iMSIgaGVpZ2h0PSIxIiB4bWxucz0iaHR0cDovL3d3dy53My5vcmcvMjAwMC9zdmciPjwvc3ZnPg==\" class=\"lazyload\" style=\"--smush-placeholder-width: 820px; --smush-placeholder-aspect-ratio: 820\/666;\">\r\n        <\/div>\r\n    <\/div>\r\n<\/div>\r\n\r\n<div class=\"container\">\r\n\r\n    <section>\r\n        <h2>What Will You Find in the Spreadsheet?<\/h2>\r\n        <div class=\"card\">\r\n            <p>- Estimated international freight, insurance and taxes<br>\r\n            - Simulation of port expenses and internal costs<br>\r\n            - Automatic fields for profit margin and comparative scenario<br>\r\n            - Practical and objective decision-making tool<br>\r\n            - Developed by Afianci experts<\/p>\r\n        <\/div>\r\n    <\/section>\r\n\r\n    <section id=\"baixar\">\r\n        <h2>Download Now and Optimize Your Imports<\/h2>\r\n        <p>Fill in the form below and receive the spreadsheet in your e-mail for free.<\/p>\r\n        <a href=\"#contatoformrodape\">\r\n            <button>I want the spreadsheet<\/button>\r\n        <\/a>\r\n    <\/section>\r\n\r\n<\/div>\r\n\r\n<\/body>\r\n<\/html>\r\n\t\t\t\t<\/div>\n\t\t\t\t<\/div>\n\t\t\t\t<\/div>\n\t\t<div class=\"elementor-element elementor-element-9ee324d baixar e-flex e-con-boxed e-con e-parent\" data-id=\"9ee324d\" data-element_type=\"container\" data-settings=\"{&quot;background_background&quot;:&quot;classic&quot;}\">\n\t\t\t\t\t<div class=\"e-con-inner\">\n\t\t<div class=\"elementor-element elementor-element-fd9a75d e-con-full e-flex e-con e-child\" data-id=\"fd9a75d\" data-element_type=\"container\">\n\t\t\t\t<div class=\"elementor-element elementor-element-ae813f5 elementor-widget__width-initial elementor-widget-mobile__width-initial elementor-widget elementor-widget-heading\" data-id=\"ae813f5\" data-element_type=\"widget\" data-widget_type=\"heading.default\">\n\t\t\t\t<div class=\"elementor-widget-container\">\n\t\t\t\t\t<h2 class=\"elementor-heading-title elementor-size-default\">Fill In To Download<\/h2>\t\t\t\t<\/div>\n\t\t\t\t<\/div>\n\t\t\t\t<\/div>\n\t\t<div class=\"elementor-element elementor-element-40ae030 e-con-full e-flex e-con e-child\" data-id=\"40ae030\" data-element_type=\"container\">\n\t\t\t\t<div class=\"elementor-element elementor-element-aef9630 elementor-widget elementor-widget-html\" data-id=\"aef9630\" data-element_type=\"widget\" data-widget_type=\"html.default\">\n\t\t\t\t<div class=\"elementor-widget-container\">\n\t\t\t\t\t<script type=\"text\/javascript\" src=\"\/\/mtc.afianci.com\/form\/generate.js?id=16\"><\/script>\t\t\t\t<\/div>\n\t\t\t\t<\/div>\n\t\t\t\t<\/div>\n\t\t\t\t\t<\/div>\n\t\t\t\t<\/div>\n\t\t<div class=\"elementor-element elementor-element-886ebca baixar e-flex e-con-boxed e-con e-parent\" data-id=\"886ebca\" data-element_type=\"container\" data-settings=\"{&quot;background_background&quot;:&quot;classic&quot;}\">\n\t\t\t\t\t<div class=\"e-con-inner\">\n\t\t\t\t\t<\/div>\n\t\t\t\t<\/div>\n\t\t\t\t<\/div>","protected":false},"excerpt":{"rendered":"<p>Import Costs Worksheet | Afianci Free Worksheet: Estimated Import Costs Accurately calculate your costs before importing With our exclusive worksheet, you can simulate values such as freight, insurance, taxes, fees and profit margin. Ideal for companies that want more security and predictability when importing. Download Spreadsheet Now What You [...]<\/p>","protected":false},"author":3,"featured_media":0,"parent":0,"menu_order":0,"comment_status":"closed","ping_status":"closed","template":"","meta":{"_acf_changed":false,"footnotes":""},"class_list":["post-90454","page","type-page","status-publish","hentry"],"acf":[],"yoast_head":"<!-- This site is optimized with the Yoast SEO plugin v25.8 - https:\/\/yoast.com\/wordpress\/plugins\/seo\/ -->\n<title>Planilha Custos de Importa\u00e7\u00e3o<\/title>\n<meta name=\"robots\" content=\"index, follow, max-snippet:-1, max-image-preview:large, max-video-preview:-1\" \/>\n<link rel=\"canonical\" href=\"https:\/\/afianci.com\/en\/import-costs-spreadsheet\/\" \/>\n<meta property=\"og:locale\" content=\"en_US\" \/>\n<meta property=\"og:type\" content=\"article\" \/>\n<meta property=\"og:title\" content=\"Planilha Custos de Importa\u00e7\u00e3o\" \/>\n<meta property=\"og:description\" content=\"Planilha de Custos de Importa\u00e7\u00e3o | Afianci Planilha Gratuita: Estimativa de Custos de Importa\u00e7\u00e3o Calcule com precis\u00e3o seus custos antes de importar Com nossa planilha exclusiva, voc\u00ea simula valores como frete, seguro, impostos, taxas e margem de lucro. Ideal para empresas que desejam mais seguran\u00e7a e previsibilidade nas importa\u00e7\u00f5es. Baixar Planilha Agora O Que Voc\u00ea [&hellip;]\" \/>\n<meta property=\"og:url\" content=\"https:\/\/afianci.com\/en\/import-costs-spreadsheet\/\" \/>\n<meta property=\"og:site_name\" content=\"Afianci Global Networking\" \/>\n<meta property=\"article:publisher\" content=\"https:\/\/www.facebook.com\/afianci\" \/>\n<meta property=\"article:modified_time\" content=\"2025-06-09T11:00:11+00:00\" \/>\n<meta property=\"og:image\" content=\"https:\/\/afianci.com\/wp-content\/uploads\/2025\/06\/planilha-custos-de-importacao-e1749047472616.png\" \/>\n<meta name=\"twitter:card\" content=\"summary_large_image\" \/>\n<meta name=\"twitter:label1\" content=\"Est. reading time\" \/>\n\t<meta name=\"twitter:data1\" content=\"1 minute\" \/>\n<script type=\"application\/ld+json\" class=\"yoast-schema-graph\">{\"@context\":\"https:\/\/schema.org\",\"@graph\":[{\"@type\":\"WebPage\",\"@id\":\"https:\/\/afianci.com\/planilha-custos-de-importacao\/\",\"url\":\"https:\/\/afianci.com\/planilha-custos-de-importacao\/\",\"name\":\"Planilha Custos de Importa\u00e7\u00e3o\",\"isPartOf\":{\"@id\":\"https:\/\/afianci.com\/#website\"},\"primaryImageOfPage\":{\"@id\":\"https:\/\/afianci.com\/planilha-custos-de-importacao\/#primaryimage\"},\"image\":{\"@id\":\"https:\/\/afianci.com\/planilha-custos-de-importacao\/#primaryimage\"},\"thumbnailUrl\":\"https:\/\/afianci.com\/wp-content\/uploads\/2025\/06\/planilha-custos-de-importacao-e1749047472616.png\",\"datePublished\":\"2025-06-04T14:20:18+00:00\",\"dateModified\":\"2025-06-09T11:00:11+00:00\",\"breadcrumb\":{\"@id\":\"https:\/\/afianci.com\/planilha-custos-de-importacao\/#breadcrumb\"},\"inLanguage\":\"en-US\",\"potentialAction\":[{\"@type\":\"ReadAction\",\"target\":[\"https:\/\/afianci.com\/planilha-custos-de-importacao\/\"]}]},{\"@type\":\"ImageObject\",\"inLanguage\":\"en-US\",\"@id\":\"https:\/\/afianci.com\/planilha-custos-de-importacao\/#primaryimage\",\"url\":\"https:\/\/afianci.com\/wp-content\/uploads\/2025\/06\/planilha-custos-de-importacao-e1749047472616.png\",\"contentUrl\":\"https:\/\/afianci.com\/wp-content\/uploads\/2025\/06\/planilha-custos-de-importacao-e1749047472616.png\"},{\"@type\":\"BreadcrumbList\",\"@id\":\"https:\/\/afianci.com\/planilha-custos-de-importacao\/#breadcrumb\",\"itemListElement\":[{\"@type\":\"ListItem\",\"position\":1,\"name\":\"In\u00edcio\",\"item\":\"https:\/\/afianci.com\/\"},{\"@type\":\"ListItem\",\"position\":2,\"name\":\"Planilha Custos de Importa\u00e7\u00e3o\"}]},{\"@type\":\"WebSite\",\"@id\":\"https:\/\/afianci.com\/#website\",\"url\":\"https:\/\/afianci.com\/\",\"name\":\"Afianci Global Networking\",\"description\":\"Site da assessoria de com\u00e9rcio internacional Afianci\",\"publisher\":{\"@id\":\"https:\/\/afianci.com\/#organization\"},\"potentialAction\":[{\"@type\":\"SearchAction\",\"target\":{\"@type\":\"EntryPoint\",\"urlTemplate\":\"https:\/\/afianci.com\/?s={search_term_string}\"},\"query-input\":{\"@type\":\"PropertyValueSpecification\",\"valueRequired\":true,\"valueName\":\"search_term_string\"}}],\"inLanguage\":\"en-US\"},{\"@type\":\"Organization\",\"@id\":\"https:\/\/afianci.com\/#organization\",\"name\":\"Afianci Global Networking\",\"url\":\"https:\/\/afianci.com\/\",\"logo\":{\"@type\":\"ImageObject\",\"inLanguage\":\"en-US\",\"@id\":\"https:\/\/afianci.com\/#\/schema\/logo\/image\/\",\"url\":\"https:\/\/afianci.com\/wp-content\/uploads\/2025\/03\/cropped-favicon.jpeg.jpg\",\"contentUrl\":\"https:\/\/afianci.com\/wp-content\/uploads\/2025\/03\/cropped-favicon.jpeg.jpg\",\"width\":512,\"height\":512,\"caption\":\"Afianci Global Networking\"},\"image\":{\"@id\":\"https:\/\/afianci.com\/#\/schema\/logo\/image\/\"},\"sameAs\":[\"https:\/\/www.facebook.com\/afianci\",\"https:\/\/www.linkedin.com\/company\/afianci-global-networking\/\",\"https:\/\/www.youtube.com\/@afianci\",\"https:\/\/www.instagram.com\/afianci\/\"]}]}<\/script>\n<!-- \/ Yoast SEO plugin. -->","yoast_head_json":{"title":"Import Costs Worksheet","robots":{"index":"index","follow":"follow","max-snippet":"max-snippet:-1","max-image-preview":"max-image-preview:large","max-video-preview":"max-video-preview:-1"},"canonical":"https:\/\/afianci.com\/en\/import-costs-spreadsheet\/","og_locale":"en_US","og_type":"article","og_title":"Planilha Custos de Importa\u00e7\u00e3o","og_description":"Planilha de Custos de Importa\u00e7\u00e3o | Afianci Planilha Gratuita: Estimativa de Custos de Importa\u00e7\u00e3o Calcule com precis\u00e3o seus custos antes de importar Com nossa planilha exclusiva, voc\u00ea simula valores como frete, seguro, impostos, taxas e margem de lucro. Ideal para empresas que desejam mais seguran\u00e7a e previsibilidade nas importa\u00e7\u00f5es. Baixar Planilha Agora O Que Voc\u00ea [&hellip;]","og_url":"https:\/\/afianci.com\/en\/import-costs-spreadsheet\/","og_site_name":"Afianci Global Networking","article_publisher":"https:\/\/www.facebook.com\/afianci","article_modified_time":"2025-06-09T11:00:11+00:00","og_image":[{"url":"https:\/\/afianci.com\/wp-content\/uploads\/2025\/06\/planilha-custos-de-importacao-e1749047472616.png","type":"","width":"","height":""}],"twitter_card":"summary_large_image","twitter_misc":{"Est. reading time":"1 minute"},"schema":{"@context":"https:\/\/schema.org","@graph":[{"@type":"WebPage","@id":"https:\/\/afianci.com\/planilha-custos-de-importacao\/","url":"https:\/\/afianci.com\/planilha-custos-de-importacao\/","name":"Import Costs Worksheet","isPartOf":{"@id":"https:\/\/afianci.com\/#website"},"primaryImageOfPage":{"@id":"https:\/\/afianci.com\/planilha-custos-de-importacao\/#primaryimage"},"image":{"@id":"https:\/\/afianci.com\/planilha-custos-de-importacao\/#primaryimage"},"thumbnailUrl":"https:\/\/afianci.com\/wp-content\/uploads\/2025\/06\/planilha-custos-de-importacao-e1749047472616.png","datePublished":"2025-06-04T14:20:18+00:00","dateModified":"2025-06-09T11:00:11+00:00","breadcrumb":{"@id":"https:\/\/afianci.com\/planilha-custos-de-importacao\/#breadcrumb"},"inLanguage":"en-US","potentialAction":[{"@type":"ReadAction","target":["https:\/\/afianci.com\/planilha-custos-de-importacao\/"]}]},{"@type":"ImageObject","inLanguage":"en-US","@id":"https:\/\/afianci.com\/planilha-custos-de-importacao\/#primaryimage","url":"https:\/\/afianci.com\/wp-content\/uploads\/2025\/06\/planilha-custos-de-importacao-e1749047472616.png","contentUrl":"https:\/\/afianci.com\/wp-content\/uploads\/2025\/06\/planilha-custos-de-importacao-e1749047472616.png"},{"@type":"BreadcrumbList","@id":"https:\/\/afianci.com\/planilha-custos-de-importacao\/#breadcrumb","itemListElement":[{"@type":"ListItem","position":1,"name":"In\u00edcio","item":"https:\/\/afianci.com\/"},{"@type":"ListItem","position":2,"name":"Planilha Custos de Importa\u00e7\u00e3o"}]},{"@type":"WebSite","@id":"https:\/\/afianci.com\/#website","url":"https:\/\/afianci.com\/","name":"Afianci Global Networking","description":"Website of international trade consultancy Afianci","publisher":{"@id":"https:\/\/afianci.com\/#organization"},"potentialAction":[{"@type":"SearchAction","target":{"@type":"EntryPoint","urlTemplate":"https:\/\/afianci.com\/?s={search_term_string}"},"query-input":{"@type":"PropertyValueSpecification","valueRequired":true,"valueName":"search_term_string"}}],"inLanguage":"en-US"},{"@type":"Organization","@id":"https:\/\/afianci.com\/#organization","name":"Afianci Global Networking","url":"https:\/\/afianci.com\/","logo":{"@type":"ImageObject","inLanguage":"en-US","@id":"https:\/\/afianci.com\/#\/schema\/logo\/image\/","url":"https:\/\/afianci.com\/wp-content\/uploads\/2025\/03\/cropped-favicon.jpeg.jpg","contentUrl":"https:\/\/afianci.com\/wp-content\/uploads\/2025\/03\/cropped-favicon.jpeg.jpg","width":512,"height":512,"caption":"Afianci Global Networking"},"image":{"@id":"https:\/\/afianci.com\/#\/schema\/logo\/image\/"},"sameAs":["https:\/\/www.facebook.com\/afianci","https:\/\/www.linkedin.com\/company\/afianci-global-networking\/","https:\/\/www.youtube.com\/@afianci","https:\/\/www.instagram.com\/afianci\/"]}]}},"_links":{"self":[{"href":"https:\/\/afianci.com\/en\/wp-json\/wp\/v2\/pages\/90454","targetHints":{"allow":["GET"]}}],"collection":[{"href":"https:\/\/afianci.com\/en\/wp-json\/wp\/v2\/pages"}],"about":[{"href":"https:\/\/afianci.com\/en\/wp-json\/wp\/v2\/types\/page"}],"author":[{"embeddable":true,"href":"https:\/\/afianci.com\/en\/wp-json\/wp\/v2\/users\/3"}],"replies":[{"embeddable":true,"href":"https:\/\/afianci.com\/en\/wp-json\/wp\/v2\/comments?post=90454"}],"version-history":[{"count":61,"href":"https:\/\/afianci.com\/en\/wp-json\/wp\/v2\/pages\/90454\/revisions"}],"predecessor-version":[{"id":90632,"href":"https:\/\/afianci.com\/en\/wp-json\/wp\/v2\/pages\/90454\/revisions\/90632"}],"wp:attachment":[{"href":"https:\/\/afianci.com\/en\/wp-json\/wp\/v2\/media?parent=90454"}],"curies":[{"name":"wp","href":"https:\/\/api.w.org\/{rel}","templated":true}]}}