{"id":90243,"date":"2025-05-30T08:10:43","date_gmt":"2025-05-30T11:10:43","guid":{"rendered":"https:\/\/afianci.com\/?page_id=90243"},"modified":"2025-08-29T15:29:42","modified_gmt":"2025-08-29T18:29:42","slug":"customs-clearance","status":"publish","type":"page","link":"https:\/\/afianci.com\/en\/customs-clearance\/","title":{"rendered":"Customs clearance"},"content":{"rendered":"<div data-elementor-type=\"wp-page\" data-elementor-id=\"90243\" class=\"elementor elementor-90243\" data-elementor-post-type=\"page\">\n\t\t\t\t<div class=\"elementor-element elementor-element-2efea46 e-con-full e-flex e-con e-parent\" data-id=\"2efea46\" data-element_type=\"container\">\n\t\t\t\t<div class=\"elementor-element elementor-element-ddf3899 elementor-widget elementor-widget-html\" data-id=\"ddf3899\" data-element_type=\"widget\" data-widget_type=\"html.default\">\n\t\t\t\t<div class=\"elementor-widget-container\">\n\t\t\t\t\t<!-- Estilo incorporado -->\r\n<style>\r\n* { box-sizing: border-box; }\r\n\r\nbody {\r\n    margin: 0;\r\n    font-family: 'Sora', 'Roboto', sans-serif;\r\n    background-color: #ffffff;\r\n    color: #333333;\r\n}\r\n\r\n.container {\r\n    width: 90%;\r\n    max-width: 1200px;\r\n    margin: auto;\r\n    padding: 60px 0;\r\n}\r\n\r\n.hero {\r\n    width: 100%;\r\n    background: linear-gradient(90deg, #00526A, #01A3D3);\r\n    color: white;\r\n    display: flex;\r\n    align-items: center;\r\n    justify-content: center;\r\n    min-height: 80vh;\r\n    padding-top: 300px;\r\n    padding-bottom: 60px;\r\n}\r\n\r\n.hero-content {\r\n    display: flex;\r\n    width: 100%;\r\n    max-width: 1200px;\r\n    align-items: center;\r\n    justify-content: space-between;\r\n    gap: 60px;\r\n    padding: 0 60px;\r\n}\r\n\r\n.hero-text {\r\n    flex: 1;\r\n    min-width: 300px;\r\n}\r\n\r\n.hero h1 {\r\n    font-size: clamp(2em, 5vw, 3.2em);\r\n    line-height: 1.2;\r\n    margin: 0;\r\n}\r\n\r\n.hero h2 {\r\n    font-size: clamp(1.5em, 4vw, 2em);\r\n    line-height: 1.4;\r\n    margin-top: 20px;\r\n}\r\n\r\n.hero p {\r\n    font-size: clamp(1em, 2vw, 1.4em);\r\n    line-height: 1.6;\r\n    margin-top: 20px;\r\n}\r\n\r\n.hero-image {\r\n    flex: 1;\r\n    min-width: 300px;\r\n    text-align: center;\r\n}\r\n\r\n.hero-image img {\r\n    max-width: 100%;\r\n    height: auto;\r\n}\r\n\r\n.btn-contato {\r\n    background: linear-gradient(90deg, #00526A, #01A3D3);\r\n    color: white;\r\n    border: none;\r\n    padding: 15px 30px;\r\n    border-radius: 5px;\r\n    cursor: pointer;\r\n    font-family: 'Sora', sans-serif;\r\n    font-weight: bold;\r\n    font-size: 1em;\r\n    margin-top: 30px;\r\n    transition: background-color 0.3s, opacity 0.3s;\r\n}\r\n\r\n.btn-contato:hover {\r\n    opacity: 0.9;\r\n}\r\n\r\nsection {\r\n    margin-top: 60px;\r\n}\r\n\r\n.card {\r\n    background: #fff;\r\n    padding: 25px;\r\n    border-radius: 15px;\r\n    box-shadow: 0 4px 10px rgba(0,0,0,0.05);\r\n    margin-bottom: 20px;\r\n}\r\n\r\nh2 {\r\n    color: #01A3D3;\r\n    font-family: 'Sora', 'Roboto', sans-serif;\r\n    font-size: clamp(1.7em, 3vw, 2.2em);\r\n    margin-bottom: 20px;\r\n}\r\n\r\n.card p {\r\n    font-size: 1.1em;\r\n    line-height: 1.6;\r\n}\r\n\r\nbutton {\r\n    background: linear-gradient(90deg, #00526A, #01A3D3);\r\n    color: white;\r\n    border: none;\r\n    padding: 15px 25px;\r\n    border-radius: 5px;\r\n    cursor: pointer;\r\n    width: fit-content;\r\n    font-weight: bold;\r\n    font-family: 'Sora', sans-serif;\r\n}\r\n\r\nbutton:hover {\r\n    opacity: 0.9;\r\n}\r\n\r\n@media (max-width: 1024px) {\r\n    .hero {\r\n        padding-top: 250px;\r\n    }\r\n    .hero-content {\r\n        padding-left: 40px;\r\n        padding-right: 40px;\r\n        gap: 40px;\r\n    }\r\n}\r\n\r\n@media (max-width: 768px) {\r\n    .hero {\r\n        flex-direction: column;\r\n        text-align: center;\r\n        padding-top: 250px;\r\n        min-height: auto;\r\n        gap: 30px;\r\n        padding-left: 20px;\r\n        padding-right: 20px;\r\n    }\r\n\r\n    .hero-content {\r\n        flex-direction: column;\r\n        gap: 30px;\r\n        padding-bottom: 50px;\r\n    }\r\n\r\n    .hero-text {\r\n        order: 2;\r\n    }\r\n\r\n    .hero-image {\r\n        order: 1;\r\n    }\r\n\r\n    .container {\r\n        padding: 40px 20px;\r\n    }\r\n}\r\n\r\n@media (max-width: 480px) {\r\n    .hero-content {\r\n        gap: 20px;\r\n    }\r\n    .hero p {\r\n        margin-top: 15px;\r\n        padding-bottom: 50px;\r\n    }\r\n    .card p {\r\n        font-size: 1em;\r\n    }\r\n}\r\n<\/style>\r\n\r\n<!-- Conte\u00fado da P\u00e1gina -->\r\n<div class=\"hero\">\r\n    <div class=\"hero-content\">\r\n        <div class=\"hero-text\">\r\n            <h1>Fast and Secure Customs Clearance<\/h1>\r\n            <h2>Do you need to release your cargo quickly and without headaches?<\/h2>\r\n            <p>Leave the bureaucratic process to Afianci. Our team takes care of all customs procedures, avoiding delays and fines when goods enter or leave the country.<\/p>\r\n            <a href=\"#contatoformrodape\">\r\n                <button class=\"btn-contato\">Talk to an expert<\/button>\r\n            <\/a>\r\n        <\/div>\r\n        <div class=\"hero-image\">\r\n            <img decoding=\"async\" data-src=\"https:\/\/afianci.com\/wp-content\/uploads\/2025\/05\/Desembaraco-Alfandegario-h1-img.png\" alt=\"Image depicting customs clearance\" src=\"data:image\/svg+xml;base64,PHN2ZyB3aWR0aD0iMSIgaGVpZ2h0PSIxIiB4bWxucz0iaHR0cDovL3d3dy53My5vcmcvMjAwMC9zdmciPjwvc3ZnPg==\" class=\"lazyload\" style=\"--smush-placeholder-width: 1024px; --smush-placeholder-aspect-ratio: 1024\/1024;\">\r\n        <\/div>\r\n    <\/div>\r\n<\/div>\r\n\r\n<div class=\"container\">\r\n\r\n    <section>\r\n        <h2>What is Customs Clearance?<\/h2>\r\n        <div class=\"card\">\r\n            <p>It is the process of inspection and release of goods by the Federal Revenue Service and other competent bodies when they enter or leave Brazil. It involves complying with legal regulations, checking documents and taxes.<\/p>\r\n        <\/div>\r\n    <\/section>\r\n\r\n    <section>\r\n        <h2>How Afianci Helps You<\/h2>\r\n        <div class=\"card\">\r\n            <p>- Prior analysis of documents<br>- Registration of declarations and invoices<br>- Interface with consenting bodies<br>- Real-time monitoring<br>- Reduction of risks, delays and extra costs<\/p>\r\n        <\/div>\r\n    <\/section>\r\n\r\n    <section>\r\n        <h2>Want to avoid problems at customs?<\/h2>\r\n        <p>Talk to Afianci and have a hassle-free customs process.<\/p>\r\n        <a href=\"#contatoformrodape\">\r\n            <button>Talk to an expert<\/button>\r\n        <\/a>\r\n    <\/section>\r\n\r\n<\/div>\r\n\t\t\t\t<\/div>\n\t\t\t\t<\/div>\n\t\t\t\t<\/div>\n\t\t<div class=\"elementor-element elementor-element-5b82c74 e-flex e-con-boxed e-con e-parent\" data-id=\"5b82c74\" data-element_type=\"container\">\n\t\t\t\t\t<div class=\"e-con-inner\">\n\t\t\t\t<div class=\"elementor-element elementor-element-8643a46 elementor-widget__width-initial elementor-widget elementor-widget-image\" data-id=\"8643a46\" data-element_type=\"widget\" data-widget_type=\"image.default\">\n\t\t\t\t<div class=\"elementor-widget-container\">\n\t\t\t\t\t\t\t\t\t\t\t\t\t\t\t<img fetchpriority=\"high\" decoding=\"async\" width=\"1536\" height=\"1024\" src=\"https:\/\/afianci.com\/wp-content\/uploads\/2025\/05\/Desembaraco-Alfandegario-infografico-img.png\" class=\"attachment-full size-full wp-image-90266\" alt=\"\" srcset=\"https:\/\/afianci.com\/wp-content\/uploads\/2025\/05\/Desembaraco-Alfandegario-infografico-img.png 1536w, https:\/\/afianci.com\/wp-content\/uploads\/2025\/05\/Desembaraco-Alfandegario-infografico-img-300x200.png 300w, https:\/\/afianci.com\/wp-content\/uploads\/2025\/05\/Desembaraco-Alfandegario-infografico-img-1024x683.png 1024w, https:\/\/afianci.com\/wp-content\/uploads\/2025\/05\/Desembaraco-Alfandegario-infografico-img-768x512.png 768w\" sizes=\"(max-width: 1536px) 100vw, 1536px\" \/>\t\t\t\t\t\t\t\t\t\t\t\t\t\t\t<\/div>\n\t\t\t\t<\/div>\n\t\t\t\t\t<\/div>\n\t\t\t\t<\/div>\n\t\t\t\t<\/div>","protected":false},"excerpt":{"rendered":"<p>Fast and Secure Customs Clearance Need to clear your cargo quickly and without headaches? Leave the bureaucratic process to Afianci. Our team takes care of the entire customs process, avoiding delays and fines for incoming or outgoing goods. Talk to an expert What is Customs Clearance? It is the process of [...]<\/p>","protected":false},"author":3,"featured_media":0,"parent":0,"menu_order":0,"comment_status":"closed","ping_status":"closed","template":"elementor_header_footer","meta":{"_acf_changed":false,"footnotes":""},"class_list":["post-90243","page","type-page","status-publish","hentry"],"acf":[],"yoast_head":"<!-- This site is optimized with the Yoast SEO plugin v25.8 - https:\/\/yoast.com\/wordpress\/plugins\/seo\/ -->\n<title>Desembara\u00e7o Alfandeg\u00e1rio<\/title>\n<meta name=\"description\" content=\"Desembara\u00e7o alfandeg\u00e1rio \u00e1gil e seguro. Conte com especialistas para liberar sua carga sem atrasos, com solu\u00e7\u00f5es completas e suporte personalizado.\" \/>\n<meta name=\"robots\" content=\"index, follow, max-snippet:-1, max-image-preview:large, max-video-preview:-1\" \/>\n<link rel=\"canonical\" href=\"https:\/\/afianci.com\/en\/customs-clearance\/\" \/>\n<meta property=\"og:locale\" content=\"en_US\" \/>\n<meta property=\"og:type\" content=\"article\" \/>\n<meta property=\"og:title\" content=\"Desembara\u00e7o Alfandeg\u00e1rio\" \/>\n<meta property=\"og:description\" content=\"Desembara\u00e7o alfandeg\u00e1rio \u00e1gil e seguro. Conte com especialistas para liberar sua carga sem atrasos, com solu\u00e7\u00f5es completas e suporte personalizado.\" \/>\n<meta property=\"og:url\" content=\"https:\/\/afianci.com\/en\/customs-clearance\/\" \/>\n<meta property=\"og:site_name\" content=\"Afianci Global Networking\" \/>\n<meta property=\"article:publisher\" content=\"https:\/\/www.facebook.com\/afianci\" \/>\n<meta property=\"article:modified_time\" content=\"2025-08-29T18:29:42+00:00\" \/>\n<meta property=\"og:image\" content=\"https:\/\/afianci.com\/wp-content\/uploads\/2025\/05\/Desembaraco-Alfandegario-h1-img.png\" \/>\n<meta name=\"twitter:card\" content=\"summary_large_image\" \/>\n<meta name=\"twitter:label1\" content=\"Est. reading time\" \/>\n\t<meta name=\"twitter:data1\" content=\"2 minutes\" \/>\n<script type=\"application\/ld+json\" class=\"yoast-schema-graph\">{\"@context\":\"https:\/\/schema.org\",\"@graph\":[{\"@type\":\"WebPage\",\"@id\":\"https:\/\/afianci.com\/desembaraco-alfandegario\/\",\"url\":\"https:\/\/afianci.com\/desembaraco-alfandegario\/\",\"name\":\"Desembara\u00e7o Alfandeg\u00e1rio\",\"isPartOf\":{\"@id\":\"https:\/\/afianci.com\/#website\"},\"primaryImageOfPage\":{\"@id\":\"https:\/\/afianci.com\/desembaraco-alfandegario\/#primaryimage\"},\"image\":{\"@id\":\"https:\/\/afianci.com\/desembaraco-alfandegario\/#primaryimage\"},\"thumbnailUrl\":\"https:\/\/afianci.com\/wp-content\/uploads\/2025\/05\/Desembaraco-Alfandegario-h1-img.png\",\"datePublished\":\"2025-05-30T11:10:43+00:00\",\"dateModified\":\"2025-08-29T18:29:42+00:00\",\"description\":\"Desembara\u00e7o alfandeg\u00e1rio \u00e1gil e seguro. Conte com especialistas para liberar sua carga sem atrasos, com solu\u00e7\u00f5es completas e suporte personalizado.\",\"breadcrumb\":{\"@id\":\"https:\/\/afianci.com\/desembaraco-alfandegario\/#breadcrumb\"},\"inLanguage\":\"en-US\",\"potentialAction\":[{\"@type\":\"ReadAction\",\"target\":[\"https:\/\/afianci.com\/desembaraco-alfandegario\/\"]}]},{\"@type\":\"ImageObject\",\"inLanguage\":\"en-US\",\"@id\":\"https:\/\/afianci.com\/desembaraco-alfandegario\/#primaryimage\",\"url\":\"https:\/\/afianci.com\/wp-content\/uploads\/2025\/05\/Desembaraco-Alfandegario-h1-img.png\",\"contentUrl\":\"https:\/\/afianci.com\/wp-content\/uploads\/2025\/05\/Desembaraco-Alfandegario-h1-img.png\"},{\"@type\":\"BreadcrumbList\",\"@id\":\"https:\/\/afianci.com\/desembaraco-alfandegario\/#breadcrumb\",\"itemListElement\":[{\"@type\":\"ListItem\",\"position\":1,\"name\":\"In\u00edcio\",\"item\":\"https:\/\/afianci.com\/\"},{\"@type\":\"ListItem\",\"position\":2,\"name\":\"Desembara\u00e7o Alfandeg\u00e1rio\"}]},{\"@type\":\"WebSite\",\"@id\":\"https:\/\/afianci.com\/#website\",\"url\":\"https:\/\/afianci.com\/\",\"name\":\"Afianci Global Networking\",\"description\":\"Site da assessoria de com\u00e9rcio internacional Afianci\",\"publisher\":{\"@id\":\"https:\/\/afianci.com\/#organization\"},\"potentialAction\":[{\"@type\":\"SearchAction\",\"target\":{\"@type\":\"EntryPoint\",\"urlTemplate\":\"https:\/\/afianci.com\/?s={search_term_string}\"},\"query-input\":{\"@type\":\"PropertyValueSpecification\",\"valueRequired\":true,\"valueName\":\"search_term_string\"}}],\"inLanguage\":\"en-US\"},{\"@type\":\"Organization\",\"@id\":\"https:\/\/afianci.com\/#organization\",\"name\":\"Afianci Global Networking\",\"url\":\"https:\/\/afianci.com\/\",\"logo\":{\"@type\":\"ImageObject\",\"inLanguage\":\"en-US\",\"@id\":\"https:\/\/afianci.com\/#\/schema\/logo\/image\/\",\"url\":\"https:\/\/afianci.com\/wp-content\/uploads\/2025\/03\/cropped-favicon.jpeg.jpg\",\"contentUrl\":\"https:\/\/afianci.com\/wp-content\/uploads\/2025\/03\/cropped-favicon.jpeg.jpg\",\"width\":512,\"height\":512,\"caption\":\"Afianci Global Networking\"},\"image\":{\"@id\":\"https:\/\/afianci.com\/#\/schema\/logo\/image\/\"},\"sameAs\":[\"https:\/\/www.facebook.com\/afianci\",\"https:\/\/www.linkedin.com\/company\/afianci-global-networking\/\",\"https:\/\/www.youtube.com\/@afianci\",\"https:\/\/www.instagram.com\/afianci\/\"]}]}<\/script>\n<!-- \/ Yoast SEO plugin. -->","yoast_head_json":{"title":"Customs clearance","description":"Agile and secure customs clearance. Count on experts to clear your cargo without delay, with complete solutions and personalized support.","robots":{"index":"index","follow":"follow","max-snippet":"max-snippet:-1","max-image-preview":"max-image-preview:large","max-video-preview":"max-video-preview:-1"},"canonical":"https:\/\/afianci.com\/en\/customs-clearance\/","og_locale":"en_US","og_type":"article","og_title":"Desembara\u00e7o Alfandeg\u00e1rio","og_description":"Desembara\u00e7o alfandeg\u00e1rio \u00e1gil e seguro. Conte com especialistas para liberar sua carga sem atrasos, com solu\u00e7\u00f5es completas e suporte personalizado.","og_url":"https:\/\/afianci.com\/en\/customs-clearance\/","og_site_name":"Afianci Global Networking","article_publisher":"https:\/\/www.facebook.com\/afianci","article_modified_time":"2025-08-29T18:29:42+00:00","og_image":[{"url":"https:\/\/afianci.com\/wp-content\/uploads\/2025\/05\/Desembaraco-Alfandegario-h1-img.png","type":"","width":"","height":""}],"twitter_card":"summary_large_image","twitter_misc":{"Est. reading time":"2 minutes"},"schema":{"@context":"https:\/\/schema.org","@graph":[{"@type":"WebPage","@id":"https:\/\/afianci.com\/desembaraco-alfandegario\/","url":"https:\/\/afianci.com\/desembaraco-alfandegario\/","name":"Customs clearance","isPartOf":{"@id":"https:\/\/afianci.com\/#website"},"primaryImageOfPage":{"@id":"https:\/\/afianci.com\/desembaraco-alfandegario\/#primaryimage"},"image":{"@id":"https:\/\/afianci.com\/desembaraco-alfandegario\/#primaryimage"},"thumbnailUrl":"https:\/\/afianci.com\/wp-content\/uploads\/2025\/05\/Desembaraco-Alfandegario-h1-img.png","datePublished":"2025-05-30T11:10:43+00:00","dateModified":"2025-08-29T18:29:42+00:00","description":"Agile and secure customs clearance. Count on experts to clear your cargo without delay, with complete solutions and personalized support.","breadcrumb":{"@id":"https:\/\/afianci.com\/desembaraco-alfandegario\/#breadcrumb"},"inLanguage":"en-US","potentialAction":[{"@type":"ReadAction","target":["https:\/\/afianci.com\/desembaraco-alfandegario\/"]}]},{"@type":"ImageObject","inLanguage":"en-US","@id":"https:\/\/afianci.com\/desembaraco-alfandegario\/#primaryimage","url":"https:\/\/afianci.com\/wp-content\/uploads\/2025\/05\/Desembaraco-Alfandegario-h1-img.png","contentUrl":"https:\/\/afianci.com\/wp-content\/uploads\/2025\/05\/Desembaraco-Alfandegario-h1-img.png"},{"@type":"BreadcrumbList","@id":"https:\/\/afianci.com\/desembaraco-alfandegario\/#breadcrumb","itemListElement":[{"@type":"ListItem","position":1,"name":"In\u00edcio","item":"https:\/\/afianci.com\/"},{"@type":"ListItem","position":2,"name":"Desembara\u00e7o Alfandeg\u00e1rio"}]},{"@type":"WebSite","@id":"https:\/\/afianci.com\/#website","url":"https:\/\/afianci.com\/","name":"Afianci Global Networking","description":"Website of international trade consultancy Afianci","publisher":{"@id":"https:\/\/afianci.com\/#organization"},"potentialAction":[{"@type":"SearchAction","target":{"@type":"EntryPoint","urlTemplate":"https:\/\/afianci.com\/?s={search_term_string}"},"query-input":{"@type":"PropertyValueSpecification","valueRequired":true,"valueName":"search_term_string"}}],"inLanguage":"en-US"},{"@type":"Organization","@id":"https:\/\/afianci.com\/#organization","name":"Afianci Global Networking","url":"https:\/\/afianci.com\/","logo":{"@type":"ImageObject","inLanguage":"en-US","@id":"https:\/\/afianci.com\/#\/schema\/logo\/image\/","url":"https:\/\/afianci.com\/wp-content\/uploads\/2025\/03\/cropped-favicon.jpeg.jpg","contentUrl":"https:\/\/afianci.com\/wp-content\/uploads\/2025\/03\/cropped-favicon.jpeg.jpg","width":512,"height":512,"caption":"Afianci Global Networking"},"image":{"@id":"https:\/\/afianci.com\/#\/schema\/logo\/image\/"},"sameAs":["https:\/\/www.facebook.com\/afianci","https:\/\/www.linkedin.com\/company\/afianci-global-networking\/","https:\/\/www.youtube.com\/@afianci","https:\/\/www.instagram.com\/afianci\/"]}]}},"_links":{"self":[{"href":"https:\/\/afianci.com\/en\/wp-json\/wp\/v2\/pages\/90243","targetHints":{"allow":["GET"]}}],"collection":[{"href":"https:\/\/afianci.com\/en\/wp-json\/wp\/v2\/pages"}],"about":[{"href":"https:\/\/afianci.com\/en\/wp-json\/wp\/v2\/types\/page"}],"author":[{"embeddable":true,"href":"https:\/\/afianci.com\/en\/wp-json\/wp\/v2\/users\/3"}],"replies":[{"embeddable":true,"href":"https:\/\/afianci.com\/en\/wp-json\/wp\/v2\/comments?post=90243"}],"version-history":[{"count":17,"href":"https:\/\/afianci.com\/en\/wp-json\/wp\/v2\/pages\/90243\/revisions"}],"predecessor-version":[{"id":90891,"href":"https:\/\/afianci.com\/en\/wp-json\/wp\/v2\/pages\/90243\/revisions\/90891"}],"wp:attachment":[{"href":"https:\/\/afianci.com\/en\/wp-json\/wp\/v2\/media?parent=90243"}],"curies":[{"name":"wp","href":"https:\/\/api.w.org\/{rel}","templated":true}]}}