{"id":90241,"date":"2025-05-30T07:35:23","date_gmt":"2025-05-30T10:35:23","guid":{"rendered":"https:\/\/afianci.com\/?page_id=90241"},"modified":"2025-08-29T15:35:19","modified_gmt":"2025-08-29T18:35:19","slug":"importing-from-china","status":"publish","type":"page","link":"https:\/\/afianci.com\/en\/importing-from-china\/","title":{"rendered":"Import China"},"content":{"rendered":"<div data-elementor-type=\"wp-page\" data-elementor-id=\"90241\" class=\"elementor elementor-90241\" data-elementor-post-type=\"page\">\n\t\t\t\t<div class=\"elementor-element elementor-element-2efea46 e-con-full e-flex e-con e-parent\" data-id=\"2efea46\" data-element_type=\"container\">\n\t\t\t\t<div class=\"elementor-element elementor-element-ddf3899 elementor-widget elementor-widget-html\" data-id=\"ddf3899\" data-element_type=\"widget\" data-widget_type=\"html.default\">\n\t\t\t\t<div class=\"elementor-widget-container\">\n\t\t\t\t\t<!-- Estilo incorporado -->\r\n<style>\r\n* { box-sizing: border-box; }\r\n\r\nbody {\r\n    margin: 0;\r\n    font-family: 'Sora', 'Roboto', sans-serif;\r\n    background-color: #ffffff;\r\n    color: #333333;\r\n}\r\n\r\n.container {\r\n    width: 90%;\r\n    max-width: 1200px;\r\n    margin: auto;\r\n    padding: 60px 0;\r\n}\r\n\r\n.hero {\r\n    width: 100%;\r\n    background: linear-gradient(90deg, #00526A, #01A3D3);\r\n    color: white;\r\n    display: flex;\r\n    align-items: center;\r\n    justify-content: center;\r\n    min-height: 80vh;\r\n    padding-top: 300px;\r\n    padding-bottom: 60px;\r\n}\r\n\r\n.hero-content {\r\n    display: flex;\r\n    width: 100%;\r\n    max-width: 1200px;\r\n    align-items: center;\r\n    justify-content: space-between;\r\n    gap: 60px;\r\n    padding: 0 60px;\r\n}\r\n\r\n.hero-text {\r\n    flex: 1;\r\n    min-width: 300px;\r\n}\r\n\r\n.hero h1 {\r\n    font-size: clamp(2em, 5vw, 3.2em);\r\n    line-height: 1.2;\r\n    margin: 0;\r\n}\r\n\r\n.hero h2 {\r\n    font-size: clamp(1.5em, 4vw, 2em);\r\n    line-height: 1.4;\r\n    margin-top: 20px;\r\n}\r\n\r\n.hero p {\r\n    font-size: clamp(1em, 2vw, 1.4em);\r\n    line-height: 1.6;\r\n    margin-top: 20px;\r\n}\r\n\r\n.hero-image {\r\n    flex: 1;\r\n    min-width: 300px;\r\n    text-align: center;\r\n}\r\n\r\n.hero-image img {\r\n    max-width: 100%;\r\n    height: auto;\r\n}\r\n\r\n.btn-contato {\r\n    background: linear-gradient(90deg, #00526A, #01A3D3);\r\n    color: white;\r\n    border: none;\r\n    padding: 15px 30px;\r\n    border-radius: 5px;\r\n    cursor: pointer;\r\n    font-family: 'Sora', sans-serif;\r\n    font-weight: bold;\r\n    font-size: 1em;\r\n    margin-top: 30px;\r\n    transition: background-color 0.3s, opacity 0.3s;\r\n}\r\n\r\n.btn-contato:hover {\r\n    opacity: 0.9;\r\n}\r\n\r\nsection {\r\n    margin-top: 60px;\r\n}\r\n\r\n.card {\r\n    background: #fff;\r\n    padding: 25px;\r\n    border-radius: 15px;\r\n    box-shadow: 0 4px 10px rgba(0,0,0,0.05);\r\n    margin-bottom: 20px;\r\n}\r\n\r\nh2 {\r\n    color: #01A3D3;\r\n    font-family: 'Sora', 'Roboto', sans-serif;\r\n    font-size: clamp(1.7em, 3vw, 2.2em);\r\n    margin-bottom: 20px;\r\n}\r\n\r\n.card p {\r\n    font-size: 1.1em;\r\n    line-height: 1.6;\r\n}\r\n\r\nbutton {\r\n    background: linear-gradient(90deg, #00526A, #01A3D3);\r\n    color: white;\r\n    border: none;\r\n    padding: 15px 25px;\r\n    border-radius: 5px;\r\n    cursor: pointer;\r\n    width: fit-content;\r\n    font-weight: bold;\r\n    font-family: 'Sora', sans-serif;\r\n}\r\n\r\nbutton:hover {\r\n    opacity: 0.9;\r\n}\r\n\r\n@media (max-width: 1024px) {\r\n    .hero {\r\n        padding-top: 250px;\r\n    }\r\n    .hero-content {\r\n        padding-left: 40px;\r\n        padding-right: 40px;\r\n        gap: 40px;\r\n    }\r\n}\r\n\r\n@media (max-width: 768px) {\r\n    .hero {\r\n        flex-direction: column;\r\n        text-align: center;\r\n        padding-top: 250px;\r\n        min-height: auto;\r\n        gap: 30px;\r\n        padding-left: 20px;\r\n        padding-right: 20px;\r\n    }\r\n\r\n    .hero-content {\r\n        flex-direction: column;\r\n        gap: 30px;\r\n        padding-bottom: 50px;\r\n    }\r\n\r\n    .hero-text {\r\n        order: 2;\r\n    }\r\n\r\n    .hero-image {\r\n        order: 1;\r\n    }\r\n\r\n    .container {\r\n        padding: 40px 20px;\r\n    }\r\n}\r\n\r\n@media (max-width: 480px) {\r\n    .hero-content {\r\n        gap: 20px;\r\n    }\r\n    .hero p {\r\n        margin-top: 15px;\r\n        padding-bottom: 50px;\r\n    }\r\n    .card p {\r\n        font-size: 1em;\r\n    }\r\n}\r\n<\/style>\r\n\r\n<!-- Conte\u00fado da P\u00e1gina -->\r\n<div class=\"hero\">\r\n    <div class=\"hero-content\">\r\n        <div class=\"hero-text\">\r\n            <h1>Importing from China Safely and Efficiently<\/h1>\r\n            <h2>Are you planning to import products from China?<\/h2>\r\n            <p>Count on Afianci to avoid risks, reduce costs and guarantee compliance with all legal requirements. We take care of everything: suppliers, freight, documentation and customs clearance.<\/p>\r\n            <a href=\"#contatoformrodape\">\r\n                <button class=\"btn-contato\">Talk to an expert<\/button>\r\n            <\/a>\r\n        <\/div>\r\n        <div class=\"hero-image\">\r\n            <img decoding=\"async\" data-src=\"https:\/\/afianci.com\/wp-content\/uploads\/2025\/05\/importacao-da-china-h1-img.png\" alt=\"Image depicting imports from China\" src=\"data:image\/svg+xml;base64,PHN2ZyB3aWR0aD0iMSIgaGVpZ2h0PSIxIiB4bWxucz0iaHR0cDovL3d3dy53My5vcmcvMjAwMC9zdmciPjwvc3ZnPg==\" class=\"lazyload\" style=\"--smush-placeholder-width: 1536px; --smush-placeholder-aspect-ratio: 1536\/1024;\">\r\n        <\/div>\r\n    <\/div>\r\n<\/div>\r\n\r\n<div class=\"container\">\r\n\r\n    <section>\r\n        <h2>How Importing from China with Afianci Works<\/h2>\r\n        <div class=\"card\">\r\n            <p>From negotiating with suppliers to customs clearance in Brazil, we monitor every stage of your import. Avoid pitfalls, delays and tax problems with someone who understands the subject.<\/p>\r\n        <\/div>\r\n    <\/section>\r\n\r\n    <section>\r\n        <h2>Services we offer<\/h2>\r\n        <div class=\"card\">\r\n            <p>- Searching for and qualifying suppliers<br>- Contract analysis and negotiation<br>- International logistics management<br>- Customs clearance<br>- Support with fiscal classification and taxes<\/p>\r\n        <\/div>\r\n    <\/section>\r\n\r\n    <section>\r\n        <h2>Import Safely and Save Time<\/h2>\r\n        <p>Talk to Afianci and start importing from China strategically and safely.<\/p>\r\n        <a href=\"#contatoformrodape\">\r\n            <button>Talk to an expert<\/button>\r\n        <\/a>\r\n    <\/section>\r\n\r\n<\/div>\r\n\t\t\t\t<\/div>\n\t\t\t\t<\/div>\n\t\t\t\t<\/div>\n\t\t<div class=\"elementor-element elementor-element-5b82c74 e-flex e-con-boxed e-con e-parent\" data-id=\"5b82c74\" data-element_type=\"container\">\n\t\t\t\t\t<div class=\"e-con-inner\">\n\t\t\t\t<div class=\"elementor-element elementor-element-8643a46 elementor-widget__width-initial elementor-widget elementor-widget-image\" data-id=\"8643a46\" data-element_type=\"widget\" data-widget_type=\"image.default\">\n\t\t\t\t<div class=\"elementor-widget-container\">\n\t\t\t\t\t\t\t\t\t\t\t\t\t\t\t<img fetchpriority=\"high\" decoding=\"async\" width=\"1024\" height=\"1536\" src=\"https:\/\/afianci.com\/wp-content\/uploads\/2025\/05\/importacao-da-china-infografico-img.png\" class=\"attachment-full size-full wp-image-90282\" alt=\"\" srcset=\"https:\/\/afianci.com\/wp-content\/uploads\/2025\/05\/importacao-da-china-infografico-img.png 1024w, https:\/\/afianci.com\/wp-content\/uploads\/2025\/05\/importacao-da-china-infografico-img-200x300.png 200w, https:\/\/afianci.com\/wp-content\/uploads\/2025\/05\/importacao-da-china-infografico-img-683x1024.png 683w, https:\/\/afianci.com\/wp-content\/uploads\/2025\/05\/importacao-da-china-infografico-img-768x1152.png 768w\" sizes=\"(max-width: 1024px) 100vw, 1024px\" \/>\t\t\t\t\t\t\t\t\t\t\t\t\t\t\t<\/div>\n\t\t\t\t<\/div>\n\t\t\t\t\t<\/div>\n\t\t\t\t<\/div>\n\t\t\t\t<\/div>","protected":false},"excerpt":{"rendered":"<p>Importing from China Safely and Efficiently Are you planning to import products from China? Count on Afianci to avoid risks, reduce costs and ensure compliance with all legal requirements. We take care of everything: suppliers, freight, documentation and customs clearance. Talk to an expert How Importing from China with Afianci works Since [...]<\/p>","protected":false},"author":3,"featured_media":0,"parent":0,"menu_order":0,"comment_status":"closed","ping_status":"closed","template":"elementor_header_footer","meta":{"_acf_changed":false,"footnotes":""},"class_list":["post-90241","page","type-page","status-publish","hentry"],"acf":[],"yoast_head":"<!-- This site is optimized with the Yoast SEO plugin v25.8 - https:\/\/yoast.com\/wordpress\/plugins\/seo\/ -->\n<title>Importa\u00e7\u00e3o China<\/title>\n<meta name=\"description\" content=\"Importa\u00e7\u00e3o da China com seguran\u00e7a, experi\u00eancia e custo otimizado. Facilitamos todo o processo para sua empresa com solu\u00e7\u00f5es completas e suporte dedicado.\" \/>\n<meta name=\"robots\" content=\"index, follow, max-snippet:-1, max-image-preview:large, max-video-preview:-1\" \/>\n<link rel=\"canonical\" href=\"https:\/\/afianci.com\/en\/importing-from-china\/\" \/>\n<meta property=\"og:locale\" content=\"en_US\" \/>\n<meta property=\"og:type\" content=\"article\" \/>\n<meta property=\"og:title\" content=\"Importa\u00e7\u00e3o China\" \/>\n<meta property=\"og:description\" content=\"Importa\u00e7\u00e3o da China com seguran\u00e7a, experi\u00eancia e custo otimizado. Facilitamos todo o processo para sua empresa com solu\u00e7\u00f5es completas e suporte dedicado.\" \/>\n<meta property=\"og:url\" content=\"https:\/\/afianci.com\/en\/importing-from-china\/\" \/>\n<meta property=\"og:site_name\" content=\"Afianci Global Networking\" \/>\n<meta property=\"article:publisher\" content=\"https:\/\/www.facebook.com\/afianci\" \/>\n<meta property=\"article:modified_time\" content=\"2025-08-29T18:35:19+00:00\" \/>\n<meta property=\"og:image\" content=\"https:\/\/afianci.com\/wp-content\/uploads\/2025\/05\/importacao-da-china-h1-img.png\" \/>\n<meta name=\"twitter:card\" content=\"summary_large_image\" \/>\n<meta name=\"twitter:label1\" content=\"Est. reading time\" \/>\n\t<meta name=\"twitter:data1\" content=\"2 minutes\" \/>\n<script type=\"application\/ld+json\" class=\"yoast-schema-graph\">{\"@context\":\"https:\/\/schema.org\",\"@graph\":[{\"@type\":\"WebPage\",\"@id\":\"https:\/\/afianci.com\/importacao-china\/\",\"url\":\"https:\/\/afianci.com\/importacao-china\/\",\"name\":\"Importa\u00e7\u00e3o China\",\"isPartOf\":{\"@id\":\"https:\/\/afianci.com\/#website\"},\"primaryImageOfPage\":{\"@id\":\"https:\/\/afianci.com\/importacao-china\/#primaryimage\"},\"image\":{\"@id\":\"https:\/\/afianci.com\/importacao-china\/#primaryimage\"},\"thumbnailUrl\":\"https:\/\/afianci.com\/wp-content\/uploads\/2025\/05\/importacao-da-china-h1-img.png\",\"datePublished\":\"2025-05-30T10:35:23+00:00\",\"dateModified\":\"2025-08-29T18:35:19+00:00\",\"description\":\"Importa\u00e7\u00e3o da China com seguran\u00e7a, experi\u00eancia e custo otimizado. Facilitamos todo o processo para sua empresa com solu\u00e7\u00f5es completas e suporte dedicado.\",\"breadcrumb\":{\"@id\":\"https:\/\/afianci.com\/importacao-china\/#breadcrumb\"},\"inLanguage\":\"en-US\",\"potentialAction\":[{\"@type\":\"ReadAction\",\"target\":[\"https:\/\/afianci.com\/importacao-china\/\"]}]},{\"@type\":\"ImageObject\",\"inLanguage\":\"en-US\",\"@id\":\"https:\/\/afianci.com\/importacao-china\/#primaryimage\",\"url\":\"https:\/\/afianci.com\/wp-content\/uploads\/2025\/05\/importacao-da-china-h1-img.png\",\"contentUrl\":\"https:\/\/afianci.com\/wp-content\/uploads\/2025\/05\/importacao-da-china-h1-img.png\"},{\"@type\":\"BreadcrumbList\",\"@id\":\"https:\/\/afianci.com\/importacao-china\/#breadcrumb\",\"itemListElement\":[{\"@type\":\"ListItem\",\"position\":1,\"name\":\"In\u00edcio\",\"item\":\"https:\/\/afianci.com\/\"},{\"@type\":\"ListItem\",\"position\":2,\"name\":\"Importa\u00e7\u00e3o China\"}]},{\"@type\":\"WebSite\",\"@id\":\"https:\/\/afianci.com\/#website\",\"url\":\"https:\/\/afianci.com\/\",\"name\":\"Afianci Global Networking\",\"description\":\"Site da assessoria de com\u00e9rcio internacional Afianci\",\"publisher\":{\"@id\":\"https:\/\/afianci.com\/#organization\"},\"potentialAction\":[{\"@type\":\"SearchAction\",\"target\":{\"@type\":\"EntryPoint\",\"urlTemplate\":\"https:\/\/afianci.com\/?s={search_term_string}\"},\"query-input\":{\"@type\":\"PropertyValueSpecification\",\"valueRequired\":true,\"valueName\":\"search_term_string\"}}],\"inLanguage\":\"en-US\"},{\"@type\":\"Organization\",\"@id\":\"https:\/\/afianci.com\/#organization\",\"name\":\"Afianci Global Networking\",\"url\":\"https:\/\/afianci.com\/\",\"logo\":{\"@type\":\"ImageObject\",\"inLanguage\":\"en-US\",\"@id\":\"https:\/\/afianci.com\/#\/schema\/logo\/image\/\",\"url\":\"https:\/\/afianci.com\/wp-content\/uploads\/2025\/03\/cropped-favicon.jpeg.jpg\",\"contentUrl\":\"https:\/\/afianci.com\/wp-content\/uploads\/2025\/03\/cropped-favicon.jpeg.jpg\",\"width\":512,\"height\":512,\"caption\":\"Afianci Global Networking\"},\"image\":{\"@id\":\"https:\/\/afianci.com\/#\/schema\/logo\/image\/\"},\"sameAs\":[\"https:\/\/www.facebook.com\/afianci\",\"https:\/\/www.linkedin.com\/company\/afianci-global-networking\/\",\"https:\/\/www.youtube.com\/@afianci\",\"https:\/\/www.instagram.com\/afianci\/\"]}]}<\/script>\n<!-- \/ Yoast SEO plugin. -->","yoast_head_json":{"title":"Import China","description":"Import from China with security, experience and optimized costs. We make the whole process easier for your company with complete solutions and dedicated support.","robots":{"index":"index","follow":"follow","max-snippet":"max-snippet:-1","max-image-preview":"max-image-preview:large","max-video-preview":"max-video-preview:-1"},"canonical":"https:\/\/afianci.com\/en\/importing-from-china\/","og_locale":"en_US","og_type":"article","og_title":"Importa\u00e7\u00e3o China","og_description":"Importa\u00e7\u00e3o da China com seguran\u00e7a, experi\u00eancia e custo otimizado. Facilitamos todo o processo para sua empresa com solu\u00e7\u00f5es completas e suporte dedicado.","og_url":"https:\/\/afianci.com\/en\/importing-from-china\/","og_site_name":"Afianci Global Networking","article_publisher":"https:\/\/www.facebook.com\/afianci","article_modified_time":"2025-08-29T18:35:19+00:00","og_image":[{"url":"https:\/\/afianci.com\/wp-content\/uploads\/2025\/05\/importacao-da-china-h1-img.png","type":"","width":"","height":""}],"twitter_card":"summary_large_image","twitter_misc":{"Est. reading time":"2 minutes"},"schema":{"@context":"https:\/\/schema.org","@graph":[{"@type":"WebPage","@id":"https:\/\/afianci.com\/importacao-china\/","url":"https:\/\/afianci.com\/importacao-china\/","name":"Import China","isPartOf":{"@id":"https:\/\/afianci.com\/#website"},"primaryImageOfPage":{"@id":"https:\/\/afianci.com\/importacao-china\/#primaryimage"},"image":{"@id":"https:\/\/afianci.com\/importacao-china\/#primaryimage"},"thumbnailUrl":"https:\/\/afianci.com\/wp-content\/uploads\/2025\/05\/importacao-da-china-h1-img.png","datePublished":"2025-05-30T10:35:23+00:00","dateModified":"2025-08-29T18:35:19+00:00","description":"Import from China with security, experience and optimized costs. We make the whole process easier for your company with complete solutions and dedicated support.","breadcrumb":{"@id":"https:\/\/afianci.com\/importacao-china\/#breadcrumb"},"inLanguage":"en-US","potentialAction":[{"@type":"ReadAction","target":["https:\/\/afianci.com\/importacao-china\/"]}]},{"@type":"ImageObject","inLanguage":"en-US","@id":"https:\/\/afianci.com\/importacao-china\/#primaryimage","url":"https:\/\/afianci.com\/wp-content\/uploads\/2025\/05\/importacao-da-china-h1-img.png","contentUrl":"https:\/\/afianci.com\/wp-content\/uploads\/2025\/05\/importacao-da-china-h1-img.png"},{"@type":"BreadcrumbList","@id":"https:\/\/afianci.com\/importacao-china\/#breadcrumb","itemListElement":[{"@type":"ListItem","position":1,"name":"In\u00edcio","item":"https:\/\/afianci.com\/"},{"@type":"ListItem","position":2,"name":"Importa\u00e7\u00e3o China"}]},{"@type":"WebSite","@id":"https:\/\/afianci.com\/#website","url":"https:\/\/afianci.com\/","name":"Afianci Global Networking","description":"Website of international trade consultancy Afianci","publisher":{"@id":"https:\/\/afianci.com\/#organization"},"potentialAction":[{"@type":"SearchAction","target":{"@type":"EntryPoint","urlTemplate":"https:\/\/afianci.com\/?s={search_term_string}"},"query-input":{"@type":"PropertyValueSpecification","valueRequired":true,"valueName":"search_term_string"}}],"inLanguage":"en-US"},{"@type":"Organization","@id":"https:\/\/afianci.com\/#organization","name":"Afianci Global Networking","url":"https:\/\/afianci.com\/","logo":{"@type":"ImageObject","inLanguage":"en-US","@id":"https:\/\/afianci.com\/#\/schema\/logo\/image\/","url":"https:\/\/afianci.com\/wp-content\/uploads\/2025\/03\/cropped-favicon.jpeg.jpg","contentUrl":"https:\/\/afianci.com\/wp-content\/uploads\/2025\/03\/cropped-favicon.jpeg.jpg","width":512,"height":512,"caption":"Afianci Global Networking"},"image":{"@id":"https:\/\/afianci.com\/#\/schema\/logo\/image\/"},"sameAs":["https:\/\/www.facebook.com\/afianci","https:\/\/www.linkedin.com\/company\/afianci-global-networking\/","https:\/\/www.youtube.com\/@afianci","https:\/\/www.instagram.com\/afianci\/"]}]}},"_links":{"self":[{"href":"https:\/\/afianci.com\/en\/wp-json\/wp\/v2\/pages\/90241","targetHints":{"allow":["GET"]}}],"collection":[{"href":"https:\/\/afianci.com\/en\/wp-json\/wp\/v2\/pages"}],"about":[{"href":"https:\/\/afianci.com\/en\/wp-json\/wp\/v2\/types\/page"}],"author":[{"embeddable":true,"href":"https:\/\/afianci.com\/en\/wp-json\/wp\/v2\/users\/3"}],"replies":[{"embeddable":true,"href":"https:\/\/afianci.com\/en\/wp-json\/wp\/v2\/comments?post=90241"}],"version-history":[{"count":20,"href":"https:\/\/afianci.com\/en\/wp-json\/wp\/v2\/pages\/90241\/revisions"}],"predecessor-version":[{"id":90883,"href":"https:\/\/afianci.com\/en\/wp-json\/wp\/v2\/pages\/90241\/revisions\/90883"}],"wp:attachment":[{"href":"https:\/\/afianci.com\/en\/wp-json\/wp\/v2\/media?parent=90241"}],"curies":[{"name":"wp","href":"https:\/\/api.w.org\/{rel}","templated":true}]}}