{"id":90201,"date":"2025-05-28T16:30:46","date_gmt":"2025-05-28T19:30:46","guid":{"rendered":"https:\/\/afianci.com\/?page_id=90201"},"modified":"2025-08-29T15:24:11","modified_gmt":"2025-08-29T18:24:11","slug":"import-consultancy","status":"publish","type":"page","link":"https:\/\/afianci.com\/en\/import-consultancy\/","title":{"rendered":"Import consultancy"},"content":{"rendered":"<div data-elementor-type=\"wp-page\" data-elementor-id=\"90201\" class=\"elementor elementor-90201\" data-elementor-post-type=\"page\">\n\t\t\t\t<div class=\"elementor-element elementor-element-2efea46 e-con-full e-flex e-con e-parent\" data-id=\"2efea46\" data-element_type=\"container\">\n\t\t\t\t<div class=\"elementor-element elementor-element-ddf3899 elementor-widget elementor-widget-html\" data-id=\"ddf3899\" data-element_type=\"widget\" data-widget_type=\"html.default\">\n\t\t\t\t<div class=\"elementor-widget-container\">\n\t\t\t\t\t\n<!DOCTYPE html> \n<html lang=\"pt-br\">\n<head>\n<meta charset=\"UTF-8\">\n<meta name=\"viewport\" content=\"width=device-width, initial-scale=1.0\">\n<title>Import Consultancy with Safety and Efficiency | Afianci<\/title>\n\n<!-- Fontes Google -->\n<link href=\"https:\/\/fonts.googleapis.com\/css2?family=Sora:wght@300;400;600;700&family=Roboto:wght@300;400;500;700&display=swap\" rel=\"stylesheet\">\n\n<style>\n* { box-sizing: border-box; }\n\nbody {\n    margin: 0;\n    font-family: 'Sora', 'Roboto', sans-serif;\n    background-color: #ffffff;\n    color: #333333;\n}\n\n.container {\n    width: 90%;\n    max-width: 1200px;\n    margin: auto;\n    padding: 60px 0;\n}\n\n.hero {\n    width: 100%;\n    background: linear-gradient(90deg, #00526A, #01A3D3);\n    color: white;\n    display: flex;\n    align-items: center;\n    justify-content: center;\n    min-height: 80vh;\n    padding-top: 300px;\n    padding-bottom: 60px;\n}\n\n.hero-content {\n    display: flex;\n    width: 100%;\n    max-width: 1200px;\n    align-items: center;\n    justify-content: space-between;\n    gap: 60px;\n    padding: 0 60px;\n}\n\n.hero-text {\n    flex: 1;\n    min-width: 300px;\n}\n\n.hero h1 {\n    font-size: clamp(2em, 5vw, 3.2em);\n    line-height: 1.2;\n    margin: 0;\n}\n\n.hero h2 {\n    font-size: clamp(1.5em, 4vw, 2em);\n    line-height: 1.4;\n    margin-top: 20px;\n}\n\n.hero p {\n    font-size: clamp(1em, 2vw, 1.4em);\n    line-height: 1.6;\n    margin-top: 20px;\n}\n\n.hero-image {\n    flex: 1;\n    min-width: 300px;\n    text-align: center;\n}\n\n.hero-image img {\n    max-width: 100%;\n    height: auto;\n}\n\n\/* Bot\u00e3o *\/\n.btn-contato {\n    background: linear-gradient(90deg, #00526A, #01A3D3);\n    color: white;\n    border: none;\n    padding: 15px 30px;\n    border-radius: 5px;\n    cursor: pointer;\n    font-family: 'Sora', sans-serif;\n    font-weight: bold;\n    font-size: 1em;\n    margin-top: 30px;\n    transition: background-color 0.3s, opacity 0.3s;\n}\n\n.btn-contato:hover {\n    opacity: 0.9;\n}\n\n\/* Se\u00e7\u00f5es *\/\nsection {\n    margin-top: 60px;\n}\n\n.card {\n    background: #fff;\n    padding: 25px;\n    border-radius: 15px;\n    box-shadow: 0 4px 10px rgba(0,0,0,0.05);\n    margin-bottom: 20px;\n}\n\nh2 {\n    color: #01A3D3;\n    font-family: 'Sora', 'Roboto', sans-serif;\n    font-size: clamp(1.7em, 3vw, 2.2em);\n    margin-bottom: 20px;\n}\n\n.card p {\n    font-size: 1.1em;\n    line-height: 1.6;\n}\n\nbutton {\n    background: linear-gradient(90deg, #00526A, #01A3D3);\n    color: white;\n    border: none;\n    padding: 15px 25px;\n    border-radius: 5px;\n    cursor: pointer;\n    width: fit-content;\n    font-weight: bold;\n    font-family: 'Sora', sans-serif;\n}\n\nbutton:hover {\n    opacity: 0.9;\n}\n\n\/* Responsivo *\/\n@media (max-width: 1024px) {\n    .hero {\n        padding-top: 250px;\n    }\n    .hero-content {\n        padding-left: 40px;\n        padding-right: 40px;\n        gap: 40px;\n    }\n}\n\n@media (max-width: 768px) {\n    .hero {\n        flex-direction: column;\n        text-align: center;\n        padding-top: 250px;\n        min-height: auto;\n        gap: 30px;\n        padding-left: 20px;\n        padding-right: 20px;\n    }\n\n    .hero-content {\n        flex-direction: column;\n        gap: 30px;\n        padding-bottom: 50px;\n    }\n\n    .hero-text {\n        order: 2;\n    }\n\n    .hero-image {\n        order: 1;\n    }\n\n    .container {\n        padding: 40px 20px;\n    }\n}\n\n@media (max-width: 480px) {\n    .hero-content {\n        gap: 20px;\n    }\n    .hero p {\n        margin-top: 15px;\n        padding-bottom: 50px;\n    }\n    .card p {\n        font-size: 1em;\n    }\n}\n<\/style>\n<\/head>\n\n<body data-rsssl=1>\n\n<!-- HERO -->\n<div class=\"hero\">\n    <div class=\"hero-content\">\n        <div class=\"hero-text\">\n            <h1>Safe and efficient import consultancy<\/h1>\n            <h2>Do you want to import with less risk and more results?<\/h2>\n            <p>With Afianci, your company can count on strategic guidance at every stage of the import process - from the choice of suppliers to the final release of the cargo. Avoid mistakes, reduce costs and have the peace of mind of having experts at your side.<\/p>\n\n            <a href=\"#contatoformrodape\">\n                <button class=\"btn-contato\">Talk to an expert<\/button>\n            <\/a>\n        <\/div>\n\n        <div class=\"hero-image\">\n            <img decoding=\"async\" data-src=\"https:\/\/afianci.com\/wp-content\/uploads\/2025\/05\/consultoria-em-importacao-2-h1.png\" alt=\"Import consultancy\" src=\"data:image\/svg+xml;base64,PHN2ZyB3aWR0aD0iMSIgaGVpZ2h0PSIxIiB4bWxucz0iaHR0cDovL3d3dy53My5vcmcvMjAwMC9zdmciPjwvc3ZnPg==\" class=\"lazyload\" style=\"--smush-placeholder-width: 1024px; --smush-placeholder-aspect-ratio: 1024\/1024;\">\n        <\/div>\n    <\/div>\n<\/div>\n\n<!-- CONTE\u00daDO -->\n<div class=\"container\">\n\n    <section>\n        <h2>Why have an import consultancy<\/h2>\n        <div class=\"card\">\n            <p>Importing without specialized advice can lead to headaches such as fines, delays, undue payment of taxes and even the seizure of goods. With Afianci, you can avoid all this and optimize your time and money.<\/p>\n        <\/div>\n    <\/section>\n\n    <section>\n        <h2>What we do for you<\/h2>\n        <div class=\"card\">\n            <p>- Feasibility study and taxation<br>- Support with suppliers and international negotiations<br>- Guidance on special regimes (such as Drawback)<br>- Logistical and document planning<br>- Monitoring customs clearance<\/p>\n        <\/div>\n    <\/section>\n\n    <section>\n        <h2>Talk to an Expert and Save Time and Money<\/h2>\n        <p>Our team is ready to understand your project and point you in the right direction. Click on the button below and get started now.<\/p>\n        <a href=\"#contatoformrodape\">\n            <button>Talk to an expert<\/button>\n        <\/a>\n    <\/section>\n\n<\/div>\n\n<\/body>\n<\/html>\n\t\t\t\t<\/div>\n\t\t\t\t<\/div>\n\t\t\t\t<\/div>\n\t\t<div class=\"elementor-element elementor-element-5b82c74 e-flex e-con-boxed e-con e-parent\" data-id=\"5b82c74\" data-element_type=\"container\">\n\t\t\t\t\t<div class=\"e-con-inner\">\n\t\t\t\t<div class=\"elementor-element elementor-element-8643a46 elementor-widget__width-initial elementor-widget elementor-widget-image\" data-id=\"8643a46\" data-element_type=\"widget\" data-widget_type=\"image.default\">\n\t\t\t\t<div class=\"elementor-widget-container\">\n\t\t\t\t\t\t\t\t\t\t\t\t\t\t\t<img fetchpriority=\"high\" decoding=\"async\" width=\"1024\" height=\"1536\" src=\"https:\/\/afianci.com\/wp-content\/uploads\/2025\/05\/consultoria-em-importacao-infografico.png\" class=\"attachment-full size-full wp-image-90209\" alt=\"\" srcset=\"https:\/\/afianci.com\/wp-content\/uploads\/2025\/05\/consultoria-em-importacao-infografico.png 1024w, https:\/\/afianci.com\/wp-content\/uploads\/2025\/05\/consultoria-em-importacao-infografico-200x300.png 200w, https:\/\/afianci.com\/wp-content\/uploads\/2025\/05\/consultoria-em-importacao-infografico-683x1024.png 683w, https:\/\/afianci.com\/wp-content\/uploads\/2025\/05\/consultoria-em-importacao-infografico-768x1152.png 768w\" sizes=\"(max-width: 1024px) 100vw, 1024px\" \/>\t\t\t\t\t\t\t\t\t\t\t\t\t\t\t<\/div>\n\t\t\t\t<\/div>\n\t\t\t\t\t<\/div>\n\t\t\t\t<\/div>\n\t\t\t\t<\/div>","protected":false},"excerpt":{"rendered":"<p>Import Consultancy with Safety and Efficiency | Afianci Import Consultancy with Safety and Efficiency Do you want to import with less risk and more results? With Afianci, your company can count on strategic guidance at every stage of the import process - from the choice of suppliers to the final release of the cargo. Avoid mistakes, reduce costs and get [...]<\/p>","protected":false},"author":3,"featured_media":0,"parent":0,"menu_order":0,"comment_status":"closed","ping_status":"closed","template":"elementor_header_footer","meta":{"_acf_changed":false,"footnotes":""},"class_list":["post-90201","page","type-page","status-publish","hentry"],"acf":[],"yoast_head":"<!-- This site is optimized with the Yoast SEO plugin v25.8 - https:\/\/yoast.com\/wordpress\/plugins\/seo\/ -->\n<title>Consultoria em Importa\u00e7\u00e3o<\/title>\n<meta name=\"description\" content=\"Consultoria em importa\u00e7\u00e3o com orienta\u00e7\u00e3o estrat\u00e9gica, redu\u00e7\u00e3o de riscos e custos. Cuidamos de viabilidade, log\u00edstica, tributa\u00e7\u00e3o e libera\u00e7\u00e3o aduaneira.\" \/>\n<meta name=\"robots\" content=\"index, follow, max-snippet:-1, max-image-preview:large, max-video-preview:-1\" \/>\n<link rel=\"canonical\" href=\"https:\/\/afianci.com\/en\/import-consultancy\/\" \/>\n<meta property=\"og:locale\" content=\"en_US\" \/>\n<meta property=\"og:type\" content=\"article\" \/>\n<meta property=\"og:title\" content=\"Consultoria em Importa\u00e7\u00e3o\" \/>\n<meta property=\"og:description\" content=\"Consultoria em importa\u00e7\u00e3o com orienta\u00e7\u00e3o estrat\u00e9gica, redu\u00e7\u00e3o de riscos e custos. Cuidamos de viabilidade, log\u00edstica, tributa\u00e7\u00e3o e libera\u00e7\u00e3o aduaneira.\" \/>\n<meta property=\"og:url\" content=\"https:\/\/afianci.com\/en\/import-consultancy\/\" \/>\n<meta property=\"og:site_name\" content=\"Afianci Global Networking\" \/>\n<meta property=\"article:publisher\" content=\"https:\/\/www.facebook.com\/afianci\" \/>\n<meta property=\"article:modified_time\" content=\"2025-08-29T18:24:11+00:00\" \/>\n<meta property=\"og:image\" content=\"https:\/\/afianci.com\/wp-content\/uploads\/2025\/05\/consultoria-em-importacao-2-h1.png\" \/>\n<meta name=\"twitter:card\" content=\"summary_large_image\" \/>\n<meta name=\"twitter:label1\" content=\"Est. reading time\" \/>\n\t<meta name=\"twitter:data1\" content=\"2 minutes\" \/>\n<script type=\"application\/ld+json\" class=\"yoast-schema-graph\">{\"@context\":\"https:\/\/schema.org\",\"@graph\":[{\"@type\":\"WebPage\",\"@id\":\"https:\/\/afianci.com\/consultoria-em-importacao\/\",\"url\":\"https:\/\/afianci.com\/consultoria-em-importacao\/\",\"name\":\"Consultoria em Importa\u00e7\u00e3o\",\"isPartOf\":{\"@id\":\"https:\/\/afianci.com\/#website\"},\"primaryImageOfPage\":{\"@id\":\"https:\/\/afianci.com\/consultoria-em-importacao\/#primaryimage\"},\"image\":{\"@id\":\"https:\/\/afianci.com\/consultoria-em-importacao\/#primaryimage\"},\"thumbnailUrl\":\"https:\/\/afianci.com\/wp-content\/uploads\/2025\/05\/consultoria-em-importacao-2-h1.png\",\"datePublished\":\"2025-05-28T19:30:46+00:00\",\"dateModified\":\"2025-08-29T18:24:11+00:00\",\"description\":\"Consultoria em importa\u00e7\u00e3o com orienta\u00e7\u00e3o estrat\u00e9gica, redu\u00e7\u00e3o de riscos e custos. Cuidamos de viabilidade, log\u00edstica, tributa\u00e7\u00e3o e libera\u00e7\u00e3o aduaneira.\",\"breadcrumb\":{\"@id\":\"https:\/\/afianci.com\/consultoria-em-importacao\/#breadcrumb\"},\"inLanguage\":\"en-US\",\"potentialAction\":[{\"@type\":\"ReadAction\",\"target\":[\"https:\/\/afianci.com\/consultoria-em-importacao\/\"]}]},{\"@type\":\"ImageObject\",\"inLanguage\":\"en-US\",\"@id\":\"https:\/\/afianci.com\/consultoria-em-importacao\/#primaryimage\",\"url\":\"https:\/\/afianci.com\/wp-content\/uploads\/2025\/05\/consultoria-em-importacao-2-h1.png\",\"contentUrl\":\"https:\/\/afianci.com\/wp-content\/uploads\/2025\/05\/consultoria-em-importacao-2-h1.png\"},{\"@type\":\"BreadcrumbList\",\"@id\":\"https:\/\/afianci.com\/consultoria-em-importacao\/#breadcrumb\",\"itemListElement\":[{\"@type\":\"ListItem\",\"position\":1,\"name\":\"In\u00edcio\",\"item\":\"https:\/\/afianci.com\/\"},{\"@type\":\"ListItem\",\"position\":2,\"name\":\"Consultoria em Importa\u00e7\u00e3o\"}]},{\"@type\":\"WebSite\",\"@id\":\"https:\/\/afianci.com\/#website\",\"url\":\"https:\/\/afianci.com\/\",\"name\":\"Afianci Global Networking\",\"description\":\"Site da assessoria de com\u00e9rcio internacional Afianci\",\"publisher\":{\"@id\":\"https:\/\/afianci.com\/#organization\"},\"potentialAction\":[{\"@type\":\"SearchAction\",\"target\":{\"@type\":\"EntryPoint\",\"urlTemplate\":\"https:\/\/afianci.com\/?s={search_term_string}\"},\"query-input\":{\"@type\":\"PropertyValueSpecification\",\"valueRequired\":true,\"valueName\":\"search_term_string\"}}],\"inLanguage\":\"en-US\"},{\"@type\":\"Organization\",\"@id\":\"https:\/\/afianci.com\/#organization\",\"name\":\"Afianci Global Networking\",\"url\":\"https:\/\/afianci.com\/\",\"logo\":{\"@type\":\"ImageObject\",\"inLanguage\":\"en-US\",\"@id\":\"https:\/\/afianci.com\/#\/schema\/logo\/image\/\",\"url\":\"https:\/\/afianci.com\/wp-content\/uploads\/2025\/03\/cropped-favicon.jpeg.jpg\",\"contentUrl\":\"https:\/\/afianci.com\/wp-content\/uploads\/2025\/03\/cropped-favicon.jpeg.jpg\",\"width\":512,\"height\":512,\"caption\":\"Afianci Global Networking\"},\"image\":{\"@id\":\"https:\/\/afianci.com\/#\/schema\/logo\/image\/\"},\"sameAs\":[\"https:\/\/www.facebook.com\/afianci\",\"https:\/\/www.linkedin.com\/company\/afianci-global-networking\/\",\"https:\/\/www.youtube.com\/@afianci\",\"https:\/\/www.instagram.com\/afianci\/\"]}]}<\/script>\n<!-- \/ Yoast SEO plugin. -->","yoast_head_json":{"title":"Import consultancy","description":"Import consultancy with strategic orientation, risk and cost reduction. We take care of feasibility, logistics, taxation and customs clearance.","robots":{"index":"index","follow":"follow","max-snippet":"max-snippet:-1","max-image-preview":"max-image-preview:large","max-video-preview":"max-video-preview:-1"},"canonical":"https:\/\/afianci.com\/en\/import-consultancy\/","og_locale":"en_US","og_type":"article","og_title":"Consultoria em Importa\u00e7\u00e3o","og_description":"Consultoria em importa\u00e7\u00e3o com orienta\u00e7\u00e3o estrat\u00e9gica, redu\u00e7\u00e3o de riscos e custos. Cuidamos de viabilidade, log\u00edstica, tributa\u00e7\u00e3o e libera\u00e7\u00e3o aduaneira.","og_url":"https:\/\/afianci.com\/en\/import-consultancy\/","og_site_name":"Afianci Global Networking","article_publisher":"https:\/\/www.facebook.com\/afianci","article_modified_time":"2025-08-29T18:24:11+00:00","og_image":[{"url":"https:\/\/afianci.com\/wp-content\/uploads\/2025\/05\/consultoria-em-importacao-2-h1.png","type":"","width":"","height":""}],"twitter_card":"summary_large_image","twitter_misc":{"Est. reading time":"2 minutes"},"schema":{"@context":"https:\/\/schema.org","@graph":[{"@type":"WebPage","@id":"https:\/\/afianci.com\/consultoria-em-importacao\/","url":"https:\/\/afianci.com\/consultoria-em-importacao\/","name":"Import consultancy","isPartOf":{"@id":"https:\/\/afianci.com\/#website"},"primaryImageOfPage":{"@id":"https:\/\/afianci.com\/consultoria-em-importacao\/#primaryimage"},"image":{"@id":"https:\/\/afianci.com\/consultoria-em-importacao\/#primaryimage"},"thumbnailUrl":"https:\/\/afianci.com\/wp-content\/uploads\/2025\/05\/consultoria-em-importacao-2-h1.png","datePublished":"2025-05-28T19:30:46+00:00","dateModified":"2025-08-29T18:24:11+00:00","description":"Import consultancy with strategic orientation, risk and cost reduction. We take care of feasibility, logistics, taxation and customs clearance.","breadcrumb":{"@id":"https:\/\/afianci.com\/consultoria-em-importacao\/#breadcrumb"},"inLanguage":"en-US","potentialAction":[{"@type":"ReadAction","target":["https:\/\/afianci.com\/consultoria-em-importacao\/"]}]},{"@type":"ImageObject","inLanguage":"en-US","@id":"https:\/\/afianci.com\/consultoria-em-importacao\/#primaryimage","url":"https:\/\/afianci.com\/wp-content\/uploads\/2025\/05\/consultoria-em-importacao-2-h1.png","contentUrl":"https:\/\/afianci.com\/wp-content\/uploads\/2025\/05\/consultoria-em-importacao-2-h1.png"},{"@type":"BreadcrumbList","@id":"https:\/\/afianci.com\/consultoria-em-importacao\/#breadcrumb","itemListElement":[{"@type":"ListItem","position":1,"name":"In\u00edcio","item":"https:\/\/afianci.com\/"},{"@type":"ListItem","position":2,"name":"Consultoria em Importa\u00e7\u00e3o"}]},{"@type":"WebSite","@id":"https:\/\/afianci.com\/#website","url":"https:\/\/afianci.com\/","name":"Afianci Global Networking","description":"Website of international trade consultancy Afianci","publisher":{"@id":"https:\/\/afianci.com\/#organization"},"potentialAction":[{"@type":"SearchAction","target":{"@type":"EntryPoint","urlTemplate":"https:\/\/afianci.com\/?s={search_term_string}"},"query-input":{"@type":"PropertyValueSpecification","valueRequired":true,"valueName":"search_term_string"}}],"inLanguage":"en-US"},{"@type":"Organization","@id":"https:\/\/afianci.com\/#organization","name":"Afianci Global Networking","url":"https:\/\/afianci.com\/","logo":{"@type":"ImageObject","inLanguage":"en-US","@id":"https:\/\/afianci.com\/#\/schema\/logo\/image\/","url":"https:\/\/afianci.com\/wp-content\/uploads\/2025\/03\/cropped-favicon.jpeg.jpg","contentUrl":"https:\/\/afianci.com\/wp-content\/uploads\/2025\/03\/cropped-favicon.jpeg.jpg","width":512,"height":512,"caption":"Afianci Global Networking"},"image":{"@id":"https:\/\/afianci.com\/#\/schema\/logo\/image\/"},"sameAs":["https:\/\/www.facebook.com\/afianci","https:\/\/www.linkedin.com\/company\/afianci-global-networking\/","https:\/\/www.youtube.com\/@afianci","https:\/\/www.instagram.com\/afianci\/"]}]}},"_links":{"self":[{"href":"https:\/\/afianci.com\/en\/wp-json\/wp\/v2\/pages\/90201","targetHints":{"allow":["GET"]}}],"collection":[{"href":"https:\/\/afianci.com\/en\/wp-json\/wp\/v2\/pages"}],"about":[{"href":"https:\/\/afianci.com\/en\/wp-json\/wp\/v2\/types\/page"}],"author":[{"embeddable":true,"href":"https:\/\/afianci.com\/en\/wp-json\/wp\/v2\/users\/3"}],"replies":[{"embeddable":true,"href":"https:\/\/afianci.com\/en\/wp-json\/wp\/v2\/comments?post=90201"}],"version-history":[{"count":8,"href":"https:\/\/afianci.com\/en\/wp-json\/wp\/v2\/pages\/90201\/revisions"}],"predecessor-version":[{"id":91013,"href":"https:\/\/afianci.com\/en\/wp-json\/wp\/v2\/pages\/90201\/revisions\/91013"}],"wp:attachment":[{"href":"https:\/\/afianci.com\/en\/wp-json\/wp\/v2\/media?parent=90201"}],"curies":[{"name":"wp","href":"https:\/\/api.w.org\/{rel}","templated":true}]}}