{"id":89998,"date":"2025-05-22T12:14:26","date_gmt":"2025-05-22T15:14:26","guid":{"rendered":"https:\/\/afianci.com\/?page_id=89998"},"modified":"2025-08-29T15:21:08","modified_gmt":"2025-08-29T18:21:08","slug":"get-to-know-some-of-our-services","status":"publish","type":"page","link":"https:\/\/afianci.com\/en\/get-to-know-some-of-our-services\/","title":{"rendered":"Get to know some of our services"},"content":{"rendered":"<div data-elementor-type=\"wp-page\" data-elementor-id=\"89998\" class=\"elementor elementor-89998\" data-elementor-post-type=\"page\">\n\t\t\t\t<div class=\"elementor-element elementor-element-61cf0ec e-con-full e-flex e-con e-parent\" data-id=\"61cf0ec\" data-element_type=\"container\">\n\t\t\t\t<div class=\"elementor-element elementor-element-3df1b50 elementor-widget elementor-widget-html\" data-id=\"3df1b50\" data-element_type=\"widget\" data-widget_type=\"html.default\">\n\t\t\t\t<div class=\"elementor-widget-container\">\n\t\t\t\t\t<!-- Estilo incorporado -->\r\n<style>\r\n* {\r\n    box-sizing: border-box;\r\n}\r\n\r\nbody {\r\n    margin: 0;\r\n    font-family: 'Sora', 'Roboto', sans-serif;\r\n    background-color: #ffffff;\r\n    color: #333333;\r\n}\r\n\r\n.container {\r\n    width: 90%;\r\n    max-width: 1200px;\r\n    margin: auto;\r\n    padding: 40px 0;\r\n}\r\n\r\n\/* HERO *\/\r\n.hero {\r\n    width: 100%;\r\n    background: linear-gradient(90deg, #00526A, #01A3D3);\r\n    color: white;\r\n    display: flex;\r\n    align-items: center;\r\n    justify-content: center;\r\n    min-height: 80vh;\r\n    padding-top: 300px;\r\n}\r\n\r\n.hero-content {\r\n    display: flex;\r\n    width: 100%;\r\n    max-width: 1200px;\r\n    align-items: center;\r\n    justify-content: space-between;\r\n    gap: 60px;\r\n    padding-left: 60px;\r\n    padding-right: 60px;\r\n    padding-bottom: 60px;\r\n}\r\n\r\n.hero-text {\r\n    flex: 1;\r\n    min-width: 300px;\r\n}\r\n\r\n.hero h1 {\r\n    font-size: clamp(2em, 5vw, 3.2em);\r\n    line-height: 1.2;\r\n    margin: 0;\r\n    font-weight: 300;\r\n}\r\n\r\n.hero p {\r\n    font-size: clamp(1em, 2vw, 1.4em);\r\n    line-height: 1.6;\r\n    margin-top: 20px;\r\n}\r\n\r\n.hero-image {\r\n    flex: 1;\r\n    min-width: 300px;\r\n    text-align: center;\r\n}\r\n\r\n.hero-image img {\r\n    max-width: 100%;\r\n    height: auto;\r\n}\r\n\r\n\/* BOT\u00c3O *\/\r\n.btn-contato {\r\n    background: linear-gradient(90deg, #00526A, #01A3D3);\r\n    color: white;\r\n    border: none;\r\n    padding: 15px 30px;\r\n    border-radius: 5px;\r\n    cursor: pointer;\r\n    font-family: 'Sora', sans-serif;\r\n    font-weight: bold;\r\n    font-size: 1em;\r\n    margin-top: 30px;\r\n    transition: background-color 0.3s, opacity 0.3s;\r\n}\r\n\r\n.btn-contato:hover {\r\n    opacity: 0.9;\r\n}\r\n\r\n\/* BOXES DE SERVI\u00c7OS *\/\r\n.servicos-grid {\r\n    display: grid;\r\n    grid-template-columns: repeat(auto-fit, minmax(280px, 1fr));\r\n    gap: 30px;\r\n}\r\n\r\n.box-servico {\r\n    background: #ffffff;\r\n    border: 1px solid #e0e0e0;\r\n    border-radius: 15px;\r\n    padding: 25px;\r\n    box-shadow: 0 4px 10px rgba(0,0,0,0.05);\r\n    transition: transform 0.3s, box-shadow 0.3s;\r\n    cursor: pointer;\r\n    text-decoration: none;\r\n    color: inherit;\r\n    display: flex;\r\n    flex-direction: column;\r\n    justify-content: space-between;\r\n}\r\n\r\n.box-servico:hover {\r\n    transform: translateY(-5px);\r\n    box-shadow: 0 6px 20px rgba(0,0,0,0.1);\r\n}\r\n\r\n.box-servico h3 {\r\n    margin-top: 0;\r\n    margin-bottom: 10px;\r\n    color: #00526A;\r\n    font-size: 1.3em;\r\n}\r\n\r\n.box-servico p {\r\n    flex: 1;\r\n    font-size: 1em;\r\n    line-height: 1.5;\r\n}\r\n\r\n.box-servico span {\r\n    color: #01A3D3;\r\n    font-weight: bold;\r\n    margin-top: 15px;\r\n    display: inline-block;\r\n}\r\n\r\n\/* RESPONSIVO *\/\r\n@media (max-width: 1024px) {\r\n    .hero {\r\n        padding-top: 250px;\r\n    }\r\n    .hero-content {\r\n        padding-left: 40px;\r\n        padding-right: 40px;\r\n        gap: 40px;\r\n    }\r\n}\r\n\r\n@media (max-width: 768px) {\r\n    .hero {\r\n        flex-direction: column;\r\n        text-align: center;\r\n        padding-top: 250px;\r\n        min-height: auto;\r\n        gap: 30px;\r\n        padding-left: 20px;\r\n        padding-right: 20px;\r\n    }\r\n\r\n    .hero-content {\r\n        flex-direction: column;\r\n        gap: 30px;\r\n        padding-bottom: 50px;\r\n    }\r\n\r\n    .hero-text {\r\n        order: 2;\r\n    }\r\n\r\n    .hero-image {\r\n        order: 1;\r\n    }\r\n}\r\n\r\n@media (max-width: 480px) {\r\n    .hero-content {\r\n        gap: 20px;\r\n    }\r\n    .hero p {\r\n        margin-top: 15px;\r\n        padding-bottom: 50px;\r\n    }\r\n}\r\n<\/style>\r\n\r\n<!-- HERO -->\r\n<div class=\"hero\">\r\n    <div class=\"hero-content\">\r\n        <div class=\"hero-text\">\r\n            <h1>Get to know some of our services<\/h1>\r\n            <p>We operate in foreign trade with a range of services to help your company import and export safely, quickly and efficiently.<\/p>\r\n            <a href=\"#contatoformrodape\">\r\n                <button class=\"btn-contato\">Talk to an expert<\/button>\r\n            <\/a>\r\n        <\/div>\r\n        <div class=\"hero-image\">\r\n            <img decoding=\"async\" data-src=\"https:\/\/afianci.com\/wp-content\/uploads\/2025\/05\/afianci-conheca-nossos-servicos-2.png\" alt=\"Image representing the services\" src=\"data:image\/svg+xml;base64,PHN2ZyB3aWR0aD0iMSIgaGVpZ2h0PSIxIiB4bWxucz0iaHR0cDovL3d3dy53My5vcmcvMjAwMC9zdmciPjwvc3ZnPg==\" class=\"lazyload\" style=\"--smush-placeholder-width: 1024px; --smush-placeholder-aspect-ratio: 1024\/1024;\">\r\n        <\/div>\r\n    <\/div>\r\n<\/div>\r\n\r\n<!-- GRID DE SERVI\u00c7OS -->\r\n<div class=\"container\">\r\n    <div class=\"servicos-grid\">\r\n        <a href=\"https:\/\/afianci.com\/en\/temporary-export\/\" class=\"box-servico\">\r\n            <h3>Temporary Export<\/h3>\r\n            <p>Solution for sending products abroad temporarily.<\/p>\r\n            <span>Read more<\/span>\r\n        <\/a>\r\n\r\n        <a href=\"https:\/\/afianci.com\/en\/simplified-import\/\" class=\"box-servico\">\r\n            <h3>Simplified Import<\/h3>\r\n            <p>Simplified process for small and medium-sized companies.<\/p>\r\n            <span>Read more<\/span>\r\n        <\/a>\r\n\r\n        <a href=\"https:\/\/afianci.com\/en\/customs-clearance-3\/\" class=\"box-servico\">\r\n            <h3>Customs Clearance<\/h3>\r\n            <p>Clearance of goods with the Internal Revenue Service.<\/p>\r\n            <span>Read more<\/span>\r\n        <\/a>\r\n\r\n        <a href=\"https:\/\/afianci.com\/en\/customs-clearance-2\/\" class=\"box-servico\">\r\n            <h3>Customs Clearance<\/h3>\r\n            <p>An agile process for clearing your cargo through customs.<\/p>\r\n            <span>Read more<\/span>\r\n        <\/a>\r\n\r\n        <a href=\"https:\/\/afianci.com\/en\/nationalization-of-customs-warehouses\/\" class=\"box-servico\">\r\n            <h3>Nationalization of Warehouses<\/h3>\r\n            <p>Regularize goods stored in warehouses.<\/p>\r\n            <span>Read more<\/span>\r\n        <\/a>\r\n\r\n        <a href=\"https:\/\/chinahub.afianci.com\/\" class=\"box-servico\">\r\n            <h3>Expatriation<\/h3>\r\n            <p>Assistance in the process of sending goods and documents abroad.<\/p>\r\n            <span>Read more<\/span>\r\n        <\/a>\r\n\r\n        <a href=\"https:\/\/afianci.com\/en\/import-on-account\/\" class=\"box-servico\">\r\n            <h3>Import Account and Order<\/h3>\r\n            <p>Import brokerage for your company.<\/p>\r\n            <span>Read more<\/span>\r\n        <\/a>\r\n\r\n        <a href=\"https:\/\/afianci.com\/en\/import-to-order\/\" class=\"box-servico\">\r\n            <h3>Import to order<\/h3>\r\n            <p>Complete management of your custom imports.<\/p>\r\n            <span>Read more<\/span>\r\n        <\/a>\r\n\r\n        <a href=\"https:\/\/afianci.com\/en\/unlimited-radar\/\" class=\"box-servico\">\r\n            <h3>Unlimited Radar<\/h3>\r\n            <p>Enabling companies to operate without value limits.<\/p>\r\n            <span>Read more<\/span>\r\n        <\/a>\r\n\r\n        <a href=\"https:\/\/afianci.com\/en\/certificate-of-origin\/\" class=\"box-servico\">\r\n            <h3>Certificate of Origin<\/h3>\r\n            <p>Issuing certificates required for exports.<\/p>\r\n            <span>Read more<\/span>\r\n        <\/a>\r\n\r\n        <a href=\"https:\/\/afianci.com\/en\/import-export-company\/\" class=\"box-servico\">\r\n            <h3>Import and Export Company<\/h3>\r\n            <p>Total management of foreign trade processes.<\/p>\r\n            <span>Read more<\/span>\r\n        <\/a>\r\n\r\n        <a href=\"https:\/\/afianci.com\/en\/international-logistics\/\" class=\"box-servico\">\r\n            <h3>International Logistics<\/h3>\r\n            <p>International cargo transportation by sea, air and road.<\/p>\r\n            <span>Read more<\/span>\r\n        <\/a>\r\n\r\n        <a href=\"https:\/\/afianci.com\/en\/international-freight\/\" class=\"box-servico\">\r\n            <h3>International freight<\/h3>\r\n            <p>Contracting and managing international freight.<\/p>\r\n            <span>Read more<\/span>\r\n        <\/a>\r\n\r\n        <a href=\"https:\/\/afianci.com\/en\/foreign-trade-consultancy\/\" class=\"box-servico\">\r\n            <h3>Foreign Trade Advisory<\/h3>\r\n            <p>Complete consultancy for companies operating abroad.<\/p>\r\n            <span>Read more<\/span>\r\n        <\/a>\r\n\r\n        <a href=\"https:\/\/afianci.com\/en\/importing-from-china\/\" class=\"box-servico\">\r\n            <h3>Import China<\/h3>\r\n            <p>Specialists in the process of importing from China.<\/p>\r\n            <span>Read more<\/span>\r\n        <\/a>\r\n\r\n        <a href=\"https:\/\/afianci.com\/en\/customs-clearance\/\" class=\"box-servico\">\r\n            <h3>Customs clearance<\/h3>\r\n            <p>Clearance of cargo with customs agencies.<\/p>\r\n            <span>Read more<\/span>\r\n        <\/a>\r\n\r\n        <a href=\"https:\/\/afianci.com\/en\/export-customs-clearance\/\" class=\"box-servico\">\r\n            <h3>Export Customs Clearance<\/h3>\r\n            <p>Management and release of goods for export.<\/p>\r\n            <span>Read more<\/span>\r\n        <\/a>\r\n    <\/div>\r\n<\/div>\r\n\t\t\t\t<\/div>\n\t\t\t\t<\/div>\n\t\t\t\t<\/div>\n\t\t\t\t<\/div>","protected":false},"excerpt":{"rendered":"<p>Learn about some of our services We operate in foreign trade with a range of services to help your company import and export safely, quickly and efficiently. Talk to an expert Temporary Export Solution for sending products abroad temporarily. Learn more Simplified Import Simplified process for small and medium-sized companies. Learn more [...]<\/p>","protected":false},"author":3,"featured_media":90015,"parent":0,"menu_order":0,"comment_status":"closed","ping_status":"closed","template":"","meta":{"_acf_changed":false,"footnotes":""},"class_list":["post-89998","page","type-page","status-publish","has-post-thumbnail","hentry"],"acf":[],"yoast_head":"<!-- This site is optimized with the Yoast SEO plugin v25.8 - https:\/\/yoast.com\/wordpress\/plugins\/seo\/ -->\n<title>Conhe\u00e7a Alguns dos Nossos Servi\u00e7os<\/title>\n<meta name=\"description\" content=\"Conhe\u00e7a os principais servi\u00e7os da Afianci em importa\u00e7\u00e3o, exporta\u00e7\u00e3o e assessoria em com\u00e9rcio exterior. Solu\u00e7\u00f5es completas, seguras e personalizadas.\" \/>\n<meta name=\"robots\" content=\"index, follow, max-snippet:-1, max-image-preview:large, max-video-preview:-1\" \/>\n<link rel=\"canonical\" href=\"https:\/\/afianci.com\/en\/get-to-know-some-of-our-services\/\" \/>\n<meta property=\"og:locale\" content=\"en_US\" \/>\n<meta property=\"og:type\" content=\"article\" \/>\n<meta property=\"og:title\" content=\"Conhe\u00e7a Alguns dos Nossos Servi\u00e7os\" \/>\n<meta property=\"og:description\" content=\"Conhe\u00e7a os principais servi\u00e7os da Afianci em importa\u00e7\u00e3o, exporta\u00e7\u00e3o e assessoria em com\u00e9rcio exterior. Solu\u00e7\u00f5es completas, seguras e personalizadas.\" \/>\n<meta property=\"og:url\" content=\"https:\/\/afianci.com\/en\/get-to-know-some-of-our-services\/\" \/>\n<meta property=\"og:site_name\" content=\"Afianci Global Networking\" \/>\n<meta property=\"article:publisher\" content=\"https:\/\/www.facebook.com\/afianci\" \/>\n<meta property=\"article:modified_time\" content=\"2025-08-29T18:21:08+00:00\" \/>\n<meta property=\"og:image\" content=\"https:\/\/afianci.com\/wp-content\/uploads\/2025\/05\/afianci-conheca-nossos-servicos.png\" \/>\n\t<meta property=\"og:image:width\" content=\"1024\" \/>\n\t<meta property=\"og:image:height\" content=\"1024\" \/>\n\t<meta property=\"og:image:type\" content=\"image\/png\" \/>\n<meta name=\"twitter:card\" content=\"summary_large_image\" \/>\n<meta name=\"twitter:label1\" content=\"Est. reading time\" \/>\n\t<meta name=\"twitter:data1\" content=\"2 minutes\" \/>\n<script type=\"application\/ld+json\" class=\"yoast-schema-graph\">{\"@context\":\"https:\/\/schema.org\",\"@graph\":[{\"@type\":\"WebPage\",\"@id\":\"https:\/\/afianci.com\/conheca-alguns-dos-nossos-servicos\/\",\"url\":\"https:\/\/afianci.com\/conheca-alguns-dos-nossos-servicos\/\",\"name\":\"Conhe\u00e7a Alguns dos Nossos Servi\u00e7os\",\"isPartOf\":{\"@id\":\"https:\/\/afianci.com\/#website\"},\"primaryImageOfPage\":{\"@id\":\"https:\/\/afianci.com\/conheca-alguns-dos-nossos-servicos\/#primaryimage\"},\"image\":{\"@id\":\"https:\/\/afianci.com\/conheca-alguns-dos-nossos-servicos\/#primaryimage\"},\"thumbnailUrl\":\"https:\/\/afianci.com\/wp-content\/uploads\/2025\/05\/afianci-conheca-nossos-servicos.png\",\"datePublished\":\"2025-05-22T15:14:26+00:00\",\"dateModified\":\"2025-08-29T18:21:08+00:00\",\"description\":\"Conhe\u00e7a os principais servi\u00e7os da Afianci em importa\u00e7\u00e3o, exporta\u00e7\u00e3o e assessoria em com\u00e9rcio exterior. Solu\u00e7\u00f5es completas, seguras e personalizadas.\",\"breadcrumb\":{\"@id\":\"https:\/\/afianci.com\/conheca-alguns-dos-nossos-servicos\/#breadcrumb\"},\"inLanguage\":\"en-US\",\"potentialAction\":[{\"@type\":\"ReadAction\",\"target\":[\"https:\/\/afianci.com\/conheca-alguns-dos-nossos-servicos\/\"]}]},{\"@type\":\"ImageObject\",\"inLanguage\":\"en-US\",\"@id\":\"https:\/\/afianci.com\/conheca-alguns-dos-nossos-servicos\/#primaryimage\",\"url\":\"https:\/\/afianci.com\/wp-content\/uploads\/2025\/05\/afianci-conheca-nossos-servicos.png\",\"contentUrl\":\"https:\/\/afianci.com\/wp-content\/uploads\/2025\/05\/afianci-conheca-nossos-servicos.png\",\"width\":1024,\"height\":1024},{\"@type\":\"BreadcrumbList\",\"@id\":\"https:\/\/afianci.com\/conheca-alguns-dos-nossos-servicos\/#breadcrumb\",\"itemListElement\":[{\"@type\":\"ListItem\",\"position\":1,\"name\":\"In\u00edcio\",\"item\":\"https:\/\/afianci.com\/\"},{\"@type\":\"ListItem\",\"position\":2,\"name\":\"Conhe\u00e7a Alguns dos Nossos Servi\u00e7os\"}]},{\"@type\":\"WebSite\",\"@id\":\"https:\/\/afianci.com\/#website\",\"url\":\"https:\/\/afianci.com\/\",\"name\":\"Afianci Global Networking\",\"description\":\"Site da assessoria de com\u00e9rcio internacional Afianci\",\"publisher\":{\"@id\":\"https:\/\/afianci.com\/#organization\"},\"potentialAction\":[{\"@type\":\"SearchAction\",\"target\":{\"@type\":\"EntryPoint\",\"urlTemplate\":\"https:\/\/afianci.com\/?s={search_term_string}\"},\"query-input\":{\"@type\":\"PropertyValueSpecification\",\"valueRequired\":true,\"valueName\":\"search_term_string\"}}],\"inLanguage\":\"en-US\"},{\"@type\":\"Organization\",\"@id\":\"https:\/\/afianci.com\/#organization\",\"name\":\"Afianci Global Networking\",\"url\":\"https:\/\/afianci.com\/\",\"logo\":{\"@type\":\"ImageObject\",\"inLanguage\":\"en-US\",\"@id\":\"https:\/\/afianci.com\/#\/schema\/logo\/image\/\",\"url\":\"https:\/\/afianci.com\/wp-content\/uploads\/2025\/03\/cropped-favicon.jpeg.jpg\",\"contentUrl\":\"https:\/\/afianci.com\/wp-content\/uploads\/2025\/03\/cropped-favicon.jpeg.jpg\",\"width\":512,\"height\":512,\"caption\":\"Afianci Global Networking\"},\"image\":{\"@id\":\"https:\/\/afianci.com\/#\/schema\/logo\/image\/\"},\"sameAs\":[\"https:\/\/www.facebook.com\/afianci\",\"https:\/\/www.linkedin.com\/company\/afianci-global-networking\/\",\"https:\/\/www.youtube.com\/@afianci\",\"https:\/\/www.instagram.com\/afianci\/\"]}]}<\/script>\n<!-- \/ Yoast SEO plugin. -->","yoast_head_json":{"title":"Get to know some of our services","description":"Discover Afianci's main services in import, export and foreign trade consultancy. Complete, secure and personalized solutions.","robots":{"index":"index","follow":"follow","max-snippet":"max-snippet:-1","max-image-preview":"max-image-preview:large","max-video-preview":"max-video-preview:-1"},"canonical":"https:\/\/afianci.com\/en\/get-to-know-some-of-our-services\/","og_locale":"en_US","og_type":"article","og_title":"Conhe\u00e7a Alguns dos Nossos Servi\u00e7os","og_description":"Conhe\u00e7a os principais servi\u00e7os da Afianci em importa\u00e7\u00e3o, exporta\u00e7\u00e3o e assessoria em com\u00e9rcio exterior. Solu\u00e7\u00f5es completas, seguras e personalizadas.","og_url":"https:\/\/afianci.com\/en\/get-to-know-some-of-our-services\/","og_site_name":"Afianci Global Networking","article_publisher":"https:\/\/www.facebook.com\/afianci","article_modified_time":"2025-08-29T18:21:08+00:00","og_image":[{"width":1024,"height":1024,"url":"https:\/\/afianci.com\/wp-content\/uploads\/2025\/05\/afianci-conheca-nossos-servicos.png","type":"image\/png"}],"twitter_card":"summary_large_image","twitter_misc":{"Est. reading time":"2 minutes"},"schema":{"@context":"https:\/\/schema.org","@graph":[{"@type":"WebPage","@id":"https:\/\/afianci.com\/conheca-alguns-dos-nossos-servicos\/","url":"https:\/\/afianci.com\/conheca-alguns-dos-nossos-servicos\/","name":"Get to know some of our services","isPartOf":{"@id":"https:\/\/afianci.com\/#website"},"primaryImageOfPage":{"@id":"https:\/\/afianci.com\/conheca-alguns-dos-nossos-servicos\/#primaryimage"},"image":{"@id":"https:\/\/afianci.com\/conheca-alguns-dos-nossos-servicos\/#primaryimage"},"thumbnailUrl":"https:\/\/afianci.com\/wp-content\/uploads\/2025\/05\/afianci-conheca-nossos-servicos.png","datePublished":"2025-05-22T15:14:26+00:00","dateModified":"2025-08-29T18:21:08+00:00","description":"Discover Afianci's main services in import, export and foreign trade consultancy. Complete, secure and personalized solutions.","breadcrumb":{"@id":"https:\/\/afianci.com\/conheca-alguns-dos-nossos-servicos\/#breadcrumb"},"inLanguage":"en-US","potentialAction":[{"@type":"ReadAction","target":["https:\/\/afianci.com\/conheca-alguns-dos-nossos-servicos\/"]}]},{"@type":"ImageObject","inLanguage":"en-US","@id":"https:\/\/afianci.com\/conheca-alguns-dos-nossos-servicos\/#primaryimage","url":"https:\/\/afianci.com\/wp-content\/uploads\/2025\/05\/afianci-conheca-nossos-servicos.png","contentUrl":"https:\/\/afianci.com\/wp-content\/uploads\/2025\/05\/afianci-conheca-nossos-servicos.png","width":1024,"height":1024},{"@type":"BreadcrumbList","@id":"https:\/\/afianci.com\/conheca-alguns-dos-nossos-servicos\/#breadcrumb","itemListElement":[{"@type":"ListItem","position":1,"name":"In\u00edcio","item":"https:\/\/afianci.com\/"},{"@type":"ListItem","position":2,"name":"Conhe\u00e7a Alguns dos Nossos Servi\u00e7os"}]},{"@type":"WebSite","@id":"https:\/\/afianci.com\/#website","url":"https:\/\/afianci.com\/","name":"Afianci Global Networking","description":"Website of international trade consultancy Afianci","publisher":{"@id":"https:\/\/afianci.com\/#organization"},"potentialAction":[{"@type":"SearchAction","target":{"@type":"EntryPoint","urlTemplate":"https:\/\/afianci.com\/?s={search_term_string}"},"query-input":{"@type":"PropertyValueSpecification","valueRequired":true,"valueName":"search_term_string"}}],"inLanguage":"en-US"},{"@type":"Organization","@id":"https:\/\/afianci.com\/#organization","name":"Afianci Global Networking","url":"https:\/\/afianci.com\/","logo":{"@type":"ImageObject","inLanguage":"en-US","@id":"https:\/\/afianci.com\/#\/schema\/logo\/image\/","url":"https:\/\/afianci.com\/wp-content\/uploads\/2025\/03\/cropped-favicon.jpeg.jpg","contentUrl":"https:\/\/afianci.com\/wp-content\/uploads\/2025\/03\/cropped-favicon.jpeg.jpg","width":512,"height":512,"caption":"Afianci Global Networking"},"image":{"@id":"https:\/\/afianci.com\/#\/schema\/logo\/image\/"},"sameAs":["https:\/\/www.facebook.com\/afianci","https:\/\/www.linkedin.com\/company\/afianci-global-networking\/","https:\/\/www.youtube.com\/@afianci","https:\/\/www.instagram.com\/afianci\/"]}]}},"_links":{"self":[{"href":"https:\/\/afianci.com\/en\/wp-json\/wp\/v2\/pages\/89998","targetHints":{"allow":["GET"]}}],"collection":[{"href":"https:\/\/afianci.com\/en\/wp-json\/wp\/v2\/pages"}],"about":[{"href":"https:\/\/afianci.com\/en\/wp-json\/wp\/v2\/types\/page"}],"author":[{"embeddable":true,"href":"https:\/\/afianci.com\/en\/wp-json\/wp\/v2\/users\/3"}],"replies":[{"embeddable":true,"href":"https:\/\/afianci.com\/en\/wp-json\/wp\/v2\/comments?post=89998"}],"version-history":[{"count":37,"href":"https:\/\/afianci.com\/en\/wp-json\/wp\/v2\/pages\/89998\/revisions"}],"predecessor-version":[{"id":90905,"href":"https:\/\/afianci.com\/en\/wp-json\/wp\/v2\/pages\/89998\/revisions\/90905"}],"wp:featuredmedia":[{"embeddable":true,"href":"https:\/\/afianci.com\/en\/wp-json\/wp\/v2\/media\/90015"}],"wp:attachment":[{"href":"https:\/\/afianci.com\/en\/wp-json\/wp\/v2\/media?parent=89998"}],"curies":[{"name":"wp","href":"https:\/\/api.w.org\/{rel}","templated":true}]}}